{"id":152,"date":"2024-06-03T12:23:44","date_gmt":"2024-06-03T12:23:44","guid":{"rendered":"https:\/\/demo.a110.club\/?page_id=152"},"modified":"2026-01-19T14:43:07","modified_gmt":"2026-01-19T14:43:07","slug":"contact-location-alpine-a110","status":"publish","type":"page","link":"https:\/\/a110.club\/index.php\/contact-location-alpine-a110\/","title":{"rendered":"Contact"},"content":{"rendered":"\t\t<div data-elementor-type=\"wp-page\" data-elementor-id=\"152\" class=\"elementor elementor-152\">\n\t\t\t\t<div class=\"elementor-element elementor-element-782cd03 e-con-full e-flex e-con e-parent\" data-id=\"782cd03\" data-element_type=\"container\" data-e-type=\"container\">\n\t\t\t\t<div class=\"elementor-element elementor-element-36f11d6 elementor-widget elementor-widget-google_maps\" data-id=\"36f11d6\" data-element_type=\"widget\" data-e-type=\"widget\" data-widget_type=\"google_maps.default\">\n\t\t\t\t<div class=\"elementor-widget-container\">\n\t\t\t\t\t\t\t<div class=\"elementor-custom-embed\">\n\t\t\t<iframe loading=\"lazy\"\n\t\t\t\t\tsrc=\"https:\/\/maps.google.com\/maps?q=12%20Av.%20des%20Pr%C3%A9s%2C%2078180%20Montigny-le-Bretonneux&#038;t=m&#038;z=12&#038;output=embed&#038;iwloc=near\"\n\t\t\t\t\ttitle=\"12 Av. des Pr\u00e9s, 78180 Montigny-le-Bretonneux\"\n\t\t\t\t\taria-label=\"12 Av. des Pr\u00e9s, 78180 Montigny-le-Bretonneux\"\n\t\t\t><\/iframe>\n\t\t<\/div>\n\t\t\t\t\t\t<\/div>\n\t\t\t\t<\/div>\n\t\t\t\t<div class=\"elementor-element elementor-element-94d8d4d elementor-widget elementor-widget-spacer\" data-id=\"94d8d4d\" data-element_type=\"widget\" data-e-type=\"widget\" data-widget_type=\"spacer.default\">\n\t\t\t\t<div class=\"elementor-widget-container\">\n\t\t\t\t\t\t\t<div class=\"elementor-spacer\">\n\t\t\t<div class=\"elementor-spacer-inner\"><\/div>\n\t\t<\/div>\n\t\t\t\t\t\t<\/div>\n\t\t\t\t<\/div>\n\t\t\t\t<\/div>\n\t\t<div class=\"elementor-element elementor-element-cc8ff5b e-flex e-con-boxed e-con e-parent\" data-id=\"cc8ff5b\" data-element_type=\"container\" data-e-type=\"container\">\n\t\t\t\t\t<div class=\"e-con-inner\">\n\t\t<div class=\"elementor-element elementor-element-cfaa221 e-grid e-con-boxed e-con e-child\" data-id=\"cfaa221\" data-element_type=\"container\" data-e-type=\"container\">\n\t\t\t\t\t<div class=\"e-con-inner\">\n\t\t<div class=\"elementor-element elementor-element-af36081 e-grid e-con-boxed e-con e-child\" data-id=\"af36081\" data-element_type=\"container\" data-e-type=\"container\">\n\t\t\t\t\t<div class=\"e-con-inner\">\n\t\t\t\t<div class=\"elementor-element elementor-element-16d9e93 elementor-widget elementor-widget-text-editor\" data-id=\"16d9e93\" data-element_type=\"widget\" data-e-type=\"widget\" data-widget_type=\"text-editor.default\">\n\t\t\t\t<div class=\"elementor-widget-container\">\n\t\t\t\t\t\t\t\t\t<h2>Contactez-nous<\/h2><p>Nous sommes heureux de r\u00e9pondre \u00e0 toutes vos questions et de vous fournir l&rsquo;assistance dont vous avez besoin. Vous pouvez nous contacter par les moyens suivants :<\/p><h3>Informations de Contact<\/h3><ul><li><p><strong>Adresse :<\/strong><br \/>Rue Fran\u00e7ois Geoffre 78180 Montigny-le-Bretonneux<\/p><\/li><li><p><strong>T\u00e9l\u00e9phone :<\/strong><br \/><a href=\"tel:0750743124\"><span data-teams=\"true\">07 50 74 31 24<\/span><\/a><\/p><\/li><li><p><strong>Email :<br \/><\/strong><a href=\"mailto:contact-web@a110.club\">contact-web@a110.club<\/a><\/p><\/li><\/ul>\t\t\t\t\t\t\t\t<\/div>\n\t\t\t\t<\/div>\n\t\t\t\t<div class=\"elementor-element elementor-element-3753a12 elementor-widget elementor-widget-text-editor\" data-id=\"3753a12\" data-element_type=\"widget\" data-e-type=\"widget\" data-widget_type=\"text-editor.default\">\n\t\t\t\t<div class=\"elementor-widget-container\">\n\t\t\t\t\t\t\t\t\t<h3>Horaires d&rsquo;Ouverture<\/h3><p>Nos bureaux sont ouverts aux horaires suivants :<\/p><ul><li><strong>Lundi au Dimanche :<\/strong><br \/>8h00 &#8211; 12h00, 13h00 &#8211; 18h00<\/li><\/ul><div><strong>Pour toute question concernant la location d\u2019une Alpine A110<\/strong>, n\u2019h\u00e9sitez pas \u00e0 nous contacter. Notre \u00e9quipe Phoenix78 est disponible pour vous accompagner dans cette aventure de conduite unique<\/div>\t\t\t\t\t\t\t\t<\/div>\n\t\t\t\t<\/div>\n\t\t\t\t\t<\/div>\n\t\t\t\t<\/div>\n\t\t\t\t<div class=\"elementor-element elementor-element-bd0a143 elementor-widget elementor-widget-html\" data-id=\"bd0a143\" data-element_type=\"widget\" data-e-type=\"widget\" data-widget_type=\"html.default\">\n\t\t\t\t<div class=\"elementor-widget-container\">\n\t\t\t\t\t<!DOCTYPE html>\n<html lang=\"fr\">\n<head>\n    <meta charset=\"UTF-8\">\n    <meta name=\"viewport\" content=\"width=device-width, initial-scale=1.0\">\n    <title>Formulaire de Contact<\/title>\n    <link rel=\"stylesheet\" href=\"https:\/\/cdnjs.cloudflare.com\/ajax\/libs\/antd\/4.16.13\/antd.min.css\">\n    <script src=\"https:\/\/www.google.com\/recaptcha\/api.js\" async defer><\/script>\n    <style>\n        .loader {\n            border: 4px solid rgba(0, 0, 0, .1);\n            border-left-color: transparent;\n            border-radius: 50%;\n            width: 36px;\n            height: 36px;\n            animation: spin89345 1s linear infinite;\n        }\n\n        @keyframes spin89345 {\n            0% {\n                transform: rotate(0deg);\n            }\n            100% {\n                transform: rotate(360deg);\n            }\n        }\n\n        .contact-form {\n            max-width: 600px;\n            margin: auto;\n            padding: 20px;\n            background: #f9f9f9;\n            border-radius: 10px;\n            box-shadow: 0 4px 8px rgba(0, 0, 0, 0.1);\n            position: relative;\n        }\n\n        .contact-form h2 {\n            font-size: 1.5em;\n            color: #333;\n            margin-bottom: 10px;\n        }\n\n        .contact-form label {\n            font-size: 1em;\n            color: #666;\n            margin: 5px 0;\n            display: block;\n        }\n\n        .contact-form input,\n        .contact-form textarea {\n            width: 100%;\n            padding: 10px;\n            margin: 5px 0;\n            border: 1px solid #ccc;\n            border-radius: 4px;\n            font-size: 1em;\n        }\n\n        .contact-form button {\n            padding: 10px 20px;\n            background-color: #1890ff;\n            color: white;\n            border: none;\n            border-radius: 4px;\n            cursor: pointer;\n            font-size: 1em;\n        }\n\n        .contact-form button:hover {\n            background-color: #40a9ff;\n        }\n\n        .confirmation {\n            display: none;\n            text-align: center;\n            padding: 20px;\n            background: #d4edda;\n            border: 1px solid #c3e6cb;\n            border-radius: 10px;\n            color: #155724;\n            margin-top: 20px;\n        }\n\n        .loading-overlay {\n            position: absolute;\n            top: 0;\n            left: 0;\n            right: 0;\n            bottom: 0;\n            background: rgba(255, 255, 255, 0.8);\n            display: flex;\n            align-items: center;\n            justify-content: center;\n            z-index: 10;\n            display: none;\n        }\n\n        .loading-icon img {\n            width: 50px;\n            height: 50px;\n        }\n\n        .gdpr-consent {\n            display: flex;\n            align-items: center;\n            \n            margin-top: 10px;\n        }\n\n        .gdpr-consent input {\n            width: 10%;\n            margin-right: 10px;\n        }\n    <\/style>\n<\/head>\n<body>\n\n<div class=\"contact-form\" id=\"contactFormContainer\">\n    <h2>Formulaire de Contact<\/h2>\n    <form id=\"contactForm\">\n        <label for=\"name\">Nom :<\/label>\n        <input type=\"text\" id=\"name\" name=\"name\" required>\n        <label for=\"firstName\">Pr\u00e9nom :<\/label>\n        <input type=\"text\" id=\"firstName\" name=\"firstName\" required>\n        <label for=\"email\">Email :<\/label>\n        <input type=\"email\" id=\"email\" name=\"email\" required>\n        <label for=\"phone\">T\u00e9l\u00e9phone :<\/label>\n        <input type=\"tel\" id=\"phone\" name=\"phone\">\n        <label for=\"comment\">Commentaire :<\/label>\n        <textarea id=\"comment\" name=\"comment\" rows=\"4\" required><\/textarea>\n        <div class=\"g-recaptcha\" data-sitekey=\"6Lc-ve8qAAAAAB6l5CYT3qwPAr5SNT5jjg_JyYL-\"><\/div>\n        <div class=\"gdpr-consent\">\n            <input type=\"checkbox\" id=\"gdprConsent\" name=\"gdprConsent\" required>\n            <label for=\"gdprConsent\">J'accepte les <a href=\"https:\/\/demo.a110.club\/index.php\/declarations-confidentialite-rgpd\/\" target=\"_blank\">conditions d'utilisation et la politique de confidentialit\u00e9<\/a>.<\/label>\n        <\/div>\n        <button type=\"submit\">Envoyer<\/button>\n    <\/form>\n    <div class=\"loading-overlay\" id=\"loadingOverlay\">\n        <div class=\"loading-icon\">\n            <div class=\"loader\"><\/div>\n        <\/div>\n    <\/div>\n<\/div>\n\n<div class=\"confirmation\" id=\"confirmationMessage\">\n    <img decoding=\"async\" src=\"https:\/\/img.icons8.com\/color\/48\/000000\/ok--v2.png\" alt=\"Valide\">\n    <p>Votre email a bien \u00e9t\u00e9 pris en compte et sera r\u00e9pondu rapidement.<\/p>\n<\/div>\n\n<script>\n    document.getElementById('contactForm').addEventListener('submit', function(event) {\n        event.preventDefault();\n\n        const formData = new FormData(this);\n        const data = Object.fromEntries(formData.entries());\n        const recaptchaResponse = grecaptcha.getResponse();\n        const gdprConsent = document.getElementById('gdprConsent').checked;\n\n        if (!recaptchaResponse) {\n            alert('Veuillez v\u00e9rifier le reCAPTCHA.');\n            return;\n        }\n\n        if (!gdprConsent) {\n            alert('Veuillez accepter les conditions d\\'utilisation et la politique de confidentialit\u00e9.');\n            return;\n        }\n\n        data['g-recaptcha-response'] = recaptchaResponse;\n\n        document.getElementById('loadingOverlay').style.display = 'flex';\n\n        fetch('https:\/\/back.a110.club\/send-contact-email', {\n            method: 'POST',\n            headers: {\n                'Content-Type': 'application\/json'\n            },\n            body: JSON.stringify(data)\n        })\n        .then(response => {\n            document.getElementById('loadingOverlay').style.display = 'none';\n            if (response.ok) {\n                document.getElementById('contactFormContainer').style.display = 'none';\n                document.getElementById('confirmationMessage').style.display = 'block';\n            } else {\n                return response.text().then(text => { throw new Error(text); });\n            }\n        })\n        .catch(error => {\n            document.getElementById('loadingOverlay').style.display = 'none';\n            console.error('Erreur lors de l\\'envoi du message :', error);\n            alert('\u00c9chec de l\\'envoi du message.');\n        });\n    });\n<\/script>\n\n<\/body>\n<\/html>\n\t\t\t\t<\/div>\n\t\t\t\t<\/div>\n\t\t\t\t\t<\/div>\n\t\t\t\t<\/div>\n\t\t\t\t\t<\/div>\n\t\t\t\t<\/div>\n\t\t<div class=\"elementor-element elementor-element-337b388 e-flex e-con-boxed e-con e-parent\" data-id=\"337b388\" data-element_type=\"container\" data-e-type=\"container\">\n\t\t\t\t\t<div class=\"e-con-inner\">\n\t\t\t\t<div class=\"elementor-element elementor-element-77721ad elementor-widget elementor-widget-text-editor\" data-id=\"77721ad\" data-element_type=\"widget\" data-e-type=\"widget\" data-widget_type=\"text-editor.default\">\n\t\t\t\t<div class=\"elementor-widget-container\">\n\t\t\t\t\t\t\t\t\t<h4>Location Alpine A110 par Phoenix78 : Vivez une Exp\u00e9rience Unique<\/h4><p><strong>Location Alpine A110 par Phoenix78<\/strong> est votre solution id\u00e9ale pour louer une voiture de sport exceptionnelle. Que vous soyez un passionn\u00e9 de voitures ou que vous souhaitiez simplement vivre une exp\u00e9rience unique, nous avons ce qu&rsquo;il vous faut.<\/p><p>Chez <strong>Phoenix78<\/strong>, nous offrons la possibilit\u00e9 de louer une Alpine A110, connue pour son design \u00e9l\u00e9gant et sa performance exceptionnelle. Que ce soit pour une journ\u00e9e, un week-end, ou m\u00eame plus longtemps, profitez de la sensation incomparable de conduire cette voiture de sport sur les routes sinueuses ou pour un \u00e9v\u00e9nement sp\u00e9cial.<\/p><h3>Pourquoi Choisir Phoenix78 ?<\/h3><ul><li><strong>Service Personnalis\u00e9<\/strong> : Nous vous aidons \u00e0 planifier votre location selon vos besoins sp\u00e9cifiques.<\/li><li><strong>Flexibilit\u00e9<\/strong> : Louez l&rsquo;Alpine A110 pour la dur\u00e9e qui vous convient, que ce soit quelques heures ou plusieurs jours.<\/li><li><strong>Entretien de Qualit\u00e9<\/strong> : Notre Alpine A110 est r\u00e9guli\u00e8rement entretenue pour garantir votre s\u00e9curit\u00e9 et votre confort.<\/li><\/ul>\t\t\t\t\t\t\t\t<\/div>\n\t\t\t\t<\/div>\n\t\t\t\t<div class=\"elementor-element elementor-element-81d60c3 elementor-widget elementor-widget-text-editor\" data-id=\"81d60c3\" data-element_type=\"widget\" data-e-type=\"widget\" data-widget_type=\"text-editor.default\">\n\t\t\t\t<div class=\"elementor-widget-container\">\n\t\t\t\t\t\t\t\t\t<p>Si vous souhaitez nous contacter, n&rsquo;h\u00e9sitez pas \u00e0 <strong><a href=\"https:\/\/www.facebook.com\/people\/Franck-Decker\/pfbid02FaWAuXZpwdxJAywfrQnJgijQmpAbWh1pRxhZtNKN4hD5hrKLoFhg58gkyf2XN691l\/\" target=\"_new\" rel=\"noopener\">nous rejoindre sur Facebook<\/a><\/strong>.<\/p>\t\t\t\t\t\t\t\t<\/div>\n\t\t\t\t<\/div>\n\t\t\t\t\t<\/div>\n\t\t\t\t<\/div>\n\t\t<div class=\"elementor-element elementor-element-45ab637 e-flex e-con-boxed e-con e-parent\" data-id=\"45ab637\" data-element_type=\"container\" data-e-type=\"container\">\n\t\t\t\t\t<div class=\"e-con-inner\">\n\t\t\t\t\t<\/div>\n\t\t\t\t<\/div>\n\t\t\t\t<\/div>\n\t\t","protected":false},"excerpt":{"rendered":"<p>Contactez-nous Nous sommes heureux de r\u00e9pondre \u00e0 toutes vos questions et de vous fournir l&rsquo;assistance dont vous avez besoin. Vous [&hellip;]<\/p>\n","protected":false},"author":1,"featured_media":0,"parent":0,"menu_order":0,"comment_status":"closed","ping_status":"closed","template":"","meta":{"site-sidebar-layout":"no-sidebar","site-content-layout":"","ast-site-content-layout":"full-width-container","site-content-style":"default","site-sidebar-style":"default","ast-global-header-display":"","ast-banner-title-visibility":"","ast-main-header-display":"","ast-hfb-above-header-display":"","ast-hfb-below-header-display":"","ast-hfb-mobile-header-display":"","site-post-title":"disabled","ast-breadcrumbs-content":"","ast-featured-img":"disabled","footer-sml-layout":"","theme-transparent-header-meta":"","adv-header-id-meta":"","stick-header-meta":"","header-above-stick-meta":"","header-main-stick-meta":"","header-below-stick-meta":"","astra-migrate-meta-layouts":"default","ast-page-background-enabled":"default","ast-page-background-meta":{"desktop":{"background-color":"var(--ast-global-color-4)","background-image":"","background-repeat":"repeat","background-position":"center center","background-size":"auto","background-attachment":"scroll","background-type":"","background-media":"","overlay-type":"","overlay-color":"","overlay-opacity":"","overlay-gradient":""},"tablet":{"background-color":"","background-image":"","background-repeat":"repeat","background-position":"center center","background-size":"auto","background-attachment":"scroll","background-type":"","background-media":"","overlay-type":"","overlay-color":"","overlay-opacity":"","overlay-gradient":""},"mobile":{"background-color":"","background-image":"","background-repeat":"repeat","background-position":"center center","background-size":"auto","background-attachment":"scroll","background-type":"","background-media":"","overlay-type":"","overlay-color":"","overlay-opacity":"","overlay-gradient":""}},"ast-content-background-meta":{"desktop":{"background-color":"var(--ast-global-color-5)","background-image":"","background-repeat":"repeat","background-position":"center center","background-size":"auto","background-attachment":"scroll","background-type":"","background-media":"","overlay-type":"","overlay-color":"","overlay-opacity":"","overlay-gradient":""},"tablet":{"background-color":"var(--ast-global-color-5)","background-image":"","background-repeat":"repeat","background-position":"center center","background-size":"auto","background-attachment":"scroll","background-type":"","background-media":"","overlay-type":"","overlay-color":"","overlay-opacity":"","overlay-gradient":""},"mobile":{"background-color":"var(--ast-global-color-5)","background-image":"","background-repeat":"repeat","background-position":"center center","background-size":"auto","background-attachment":"scroll","background-type":"","background-media":"","overlay-type":"","overlay-color":"","overlay-opacity":"","overlay-gradient":""}},"footnotes":""},"class_list":["post-152","page","type-page","status-publish","hentry"],"yoast_head":"<!-- This site is optimized with the Yoast SEO plugin v24.2 - https:\/\/yoast.com\/wordpress\/plugins\/seo\/ -->\n<title>Contactez-nous pour la Location Alpine A110 | Phoenix78<\/title>\n<meta name=\"description\" content=\"Contactez Phoenix78 pour louer une Alpine A110 et vivre une exp\u00e9rience de conduite inoubliable pour la location d&#039;alpine\" \/>\n<meta name=\"robots\" content=\"index, follow, max-snippet:-1, max-image-preview:large, max-video-preview:-1\" \/>\n<link rel=\"canonical\" href=\"https:\/\/a110.club\/index.php\/contact-location-alpine-a110\/\" \/>\n<meta property=\"og:locale\" content=\"fr_FR\" \/>\n<meta property=\"og:type\" content=\"article\" \/>\n<meta property=\"og:title\" content=\"Contactez-nous pour la Location Alpine A110 | Phoenix78\" \/>\n<meta property=\"og:description\" content=\"Contactez Phoenix78 pour louer une Alpine A110 et vivre une exp\u00e9rience de conduite inoubliable pour la location d&#039;alpine\" \/>\n<meta property=\"og:url\" content=\"https:\/\/a110.club\/index.php\/contact-location-alpine-a110\/\" \/>\n<meta property=\"og:site_name\" content=\"A110.CLUB\" \/>\n<meta property=\"article:publisher\" content=\"https:\/\/www.facebook.com\/profile.php?id=61556014750143\" \/>\n<meta property=\"article:modified_time\" content=\"2026-01-19T14:43:07+00:00\" \/>\n<meta property=\"og:image\" content=\"https:\/\/img.icons8.com\/color\/48\/000000\/ok--v2.png\" \/>\n<meta name=\"twitter:card\" content=\"summary_large_image\" \/>\n<meta name=\"twitter:label1\" content=\"Dur\u00e9e de lecture estim\u00e9e\" \/>\n\t<meta name=\"twitter:data1\" content=\"2 minutes\" \/>\n<script type=\"application\/ld+json\" class=\"yoast-schema-graph\">{\"@context\":\"https:\/\/schema.org\",\"@graph\":[{\"@type\":\"WebPage\",\"@id\":\"https:\/\/a110.club\/index.php\/contact-location-alpine-a110\/\",\"url\":\"https:\/\/a110.club\/index.php\/contact-location-alpine-a110\/\",\"name\":\"Contactez-nous pour la Location Alpine A110 | Phoenix78\",\"isPartOf\":{\"@id\":\"https:\/\/a110.club\/#website\"},\"primaryImageOfPage\":{\"@id\":\"https:\/\/a110.club\/index.php\/contact-location-alpine-a110\/#primaryimage\"},\"image\":{\"@id\":\"https:\/\/a110.club\/index.php\/contact-location-alpine-a110\/#primaryimage\"},\"thumbnailUrl\":\"https:\/\/img.icons8.com\/color\/48\/000000\/ok--v2.png\",\"datePublished\":\"2024-06-03T12:23:44+00:00\",\"dateModified\":\"2026-01-19T14:43:07+00:00\",\"description\":\"Contactez Phoenix78 pour louer une Alpine A110 et vivre une exp\u00e9rience de conduite inoubliable pour la location d'alpine\",\"breadcrumb\":{\"@id\":\"https:\/\/a110.club\/index.php\/contact-location-alpine-a110\/#breadcrumb\"},\"inLanguage\":\"fr-FR\",\"potentialAction\":[{\"@type\":\"ReadAction\",\"target\":[\"https:\/\/a110.club\/index.php\/contact-location-alpine-a110\/\"]}]},{\"@type\":\"ImageObject\",\"inLanguage\":\"fr-FR\",\"@id\":\"https:\/\/a110.club\/index.php\/contact-location-alpine-a110\/#primaryimage\",\"url\":\"https:\/\/img.icons8.com\/color\/48\/000000\/ok--v2.png\",\"contentUrl\":\"https:\/\/img.icons8.com\/color\/48\/000000\/ok--v2.png\"},{\"@type\":\"BreadcrumbList\",\"@id\":\"https:\/\/a110.club\/index.php\/contact-location-alpine-a110\/#breadcrumb\",\"itemListElement\":[{\"@type\":\"ListItem\",\"position\":1,\"name\":\"Accueil\",\"item\":\"https:\/\/a110.club\/\"},{\"@type\":\"ListItem\",\"position\":2,\"name\":\"Contact\"}]},{\"@type\":\"WebSite\",\"@id\":\"https:\/\/a110.club\/#website\",\"url\":\"https:\/\/a110.club\/\",\"name\":\"A110.CLUB\",\"description\":\"\",\"publisher\":{\"@id\":\"https:\/\/a110.club\/#organization\"},\"potentialAction\":[{\"@type\":\"SearchAction\",\"target\":{\"@type\":\"EntryPoint\",\"urlTemplate\":\"https:\/\/a110.club\/?s={search_term_string}\"},\"query-input\":{\"@type\":\"PropertyValueSpecification\",\"valueRequired\":true,\"valueName\":\"search_term_string\"}}],\"inLanguage\":\"fr-FR\"},{\"@type\":\"Organization\",\"@id\":\"https:\/\/a110.club\/#organization\",\"name\":\"A110.CLUB\",\"url\":\"https:\/\/a110.club\/\",\"logo\":{\"@type\":\"ImageObject\",\"inLanguage\":\"fr-FR\",\"@id\":\"https:\/\/a110.club\/#\/schema\/logo\/image\/\",\"url\":\"https:\/\/a110.club\/wp-content\/uploads\/2024\/06\/logoPhoenix78-scaled.png\",\"contentUrl\":\"https:\/\/a110.club\/wp-content\/uploads\/2024\/06\/logoPhoenix78-scaled.png\",\"width\":1810,\"height\":2560,\"caption\":\"A110.CLUB\"},\"image\":{\"@id\":\"https:\/\/a110.club\/#\/schema\/logo\/image\/\"},\"sameAs\":[\"https:\/\/www.facebook.com\/profile.php?id=61556014750143\",\"https:\/\/www.instagram.com\/a110.club\/\"]}]}<\/script>\n<!-- \/ Yoast SEO plugin. -->","yoast_head_json":{"title":"Contactez-nous pour la Location Alpine A110 | Phoenix78","description":"Contactez Phoenix78 pour louer une Alpine A110 et vivre une exp\u00e9rience de conduite inoubliable pour la location d'alpine","robots":{"index":"index","follow":"follow","max-snippet":"max-snippet:-1","max-image-preview":"max-image-preview:large","max-video-preview":"max-video-preview:-1"},"canonical":"https:\/\/a110.club\/index.php\/contact-location-alpine-a110\/","og_locale":"fr_FR","og_type":"article","og_title":"Contactez-nous pour la Location Alpine A110 | Phoenix78","og_description":"Contactez Phoenix78 pour louer une Alpine A110 et vivre une exp\u00e9rience de conduite inoubliable pour la location d'alpine","og_url":"https:\/\/a110.club\/index.php\/contact-location-alpine-a110\/","og_site_name":"A110.CLUB","article_publisher":"https:\/\/www.facebook.com\/profile.php?id=61556014750143","article_modified_time":"2026-01-19T14:43:07+00:00","og_image":[{"url":"https:\/\/img.icons8.com\/color\/48\/000000\/ok--v2.png","type":"","width":"","height":""}],"twitter_card":"summary_large_image","twitter_misc":{"Dur\u00e9e de lecture estim\u00e9e":"2 minutes"},"schema":{"@context":"https:\/\/schema.org","@graph":[{"@type":"WebPage","@id":"https:\/\/a110.club\/index.php\/contact-location-alpine-a110\/","url":"https:\/\/a110.club\/index.php\/contact-location-alpine-a110\/","name":"Contactez-nous pour la Location Alpine A110 | Phoenix78","isPartOf":{"@id":"https:\/\/a110.club\/#website"},"primaryImageOfPage":{"@id":"https:\/\/a110.club\/index.php\/contact-location-alpine-a110\/#primaryimage"},"image":{"@id":"https:\/\/a110.club\/index.php\/contact-location-alpine-a110\/#primaryimage"},"thumbnailUrl":"https:\/\/img.icons8.com\/color\/48\/000000\/ok--v2.png","datePublished":"2024-06-03T12:23:44+00:00","dateModified":"2026-01-19T14:43:07+00:00","description":"Contactez Phoenix78 pour louer une Alpine A110 et vivre une exp\u00e9rience de conduite inoubliable pour la location d'alpine","breadcrumb":{"@id":"https:\/\/a110.club\/index.php\/contact-location-alpine-a110\/#breadcrumb"},"inLanguage":"fr-FR","potentialAction":[{"@type":"ReadAction","target":["https:\/\/a110.club\/index.php\/contact-location-alpine-a110\/"]}]},{"@type":"ImageObject","inLanguage":"fr-FR","@id":"https:\/\/a110.club\/index.php\/contact-location-alpine-a110\/#primaryimage","url":"https:\/\/img.icons8.com\/color\/48\/000000\/ok--v2.png","contentUrl":"https:\/\/img.icons8.com\/color\/48\/000000\/ok--v2.png"},{"@type":"BreadcrumbList","@id":"https:\/\/a110.club\/index.php\/contact-location-alpine-a110\/#breadcrumb","itemListElement":[{"@type":"ListItem","position":1,"name":"Accueil","item":"https:\/\/a110.club\/"},{"@type":"ListItem","position":2,"name":"Contact"}]},{"@type":"WebSite","@id":"https:\/\/a110.club\/#website","url":"https:\/\/a110.club\/","name":"A110.CLUB","description":"","publisher":{"@id":"https:\/\/a110.club\/#organization"},"potentialAction":[{"@type":"SearchAction","target":{"@type":"EntryPoint","urlTemplate":"https:\/\/a110.club\/?s={search_term_string}"},"query-input":{"@type":"PropertyValueSpecification","valueRequired":true,"valueName":"search_term_string"}}],"inLanguage":"fr-FR"},{"@type":"Organization","@id":"https:\/\/a110.club\/#organization","name":"A110.CLUB","url":"https:\/\/a110.club\/","logo":{"@type":"ImageObject","inLanguage":"fr-FR","@id":"https:\/\/a110.club\/#\/schema\/logo\/image\/","url":"https:\/\/a110.club\/wp-content\/uploads\/2024\/06\/logoPhoenix78-scaled.png","contentUrl":"https:\/\/a110.club\/wp-content\/uploads\/2024\/06\/logoPhoenix78-scaled.png","width":1810,"height":2560,"caption":"A110.CLUB"},"image":{"@id":"https:\/\/a110.club\/#\/schema\/logo\/image\/"},"sameAs":["https:\/\/www.facebook.com\/profile.php?id=61556014750143","https:\/\/www.instagram.com\/a110.club\/"]}]}},"_links":{"self":[{"href":"https:\/\/a110.club\/index.php\/wp-json\/wp\/v2\/pages\/152","targetHints":{"allow":["GET"]}}],"collection":[{"href":"https:\/\/a110.club\/index.php\/wp-json\/wp\/v2\/pages"}],"about":[{"href":"https:\/\/a110.club\/index.php\/wp-json\/wp\/v2\/types\/page"}],"author":[{"embeddable":true,"href":"https:\/\/a110.club\/index.php\/wp-json\/wp\/v2\/users\/1"}],"replies":[{"embeddable":true,"href":"https:\/\/a110.club\/index.php\/wp-json\/wp\/v2\/comments?post=152"}],"version-history":[{"count":169,"href":"https:\/\/a110.club\/index.php\/wp-json\/wp\/v2\/pages\/152\/revisions"}],"predecessor-version":[{"id":4022,"href":"https:\/\/a110.club\/index.php\/wp-json\/wp\/v2\/pages\/152\/revisions\/4022"}],"wp:attachment":[{"href":"https:\/\/a110.club\/index.php\/wp-json\/wp\/v2\/media?parent=152"}],"curies":[{"name":"wp","href":"https:\/\/api.w.org\/{rel}","templated":true}]}}