{"id":2195,"date":"2024-06-10T19:42:47","date_gmt":"2024-06-10T19:42:47","guid":{"rendered":"https:\/\/demo.a110.club\/?page_id=2195"},"modified":"2026-01-19T14:50:23","modified_gmt":"2026-01-19T14:50:23","slug":"mentions-legales","status":"publish","type":"page","link":"https:\/\/a110.club\/index.php\/mentions-legales\/","title":{"rendered":"Mentions l\u00e9gales"},"content":{"rendered":"\t\t<div data-elementor-type=\"wp-page\" data-elementor-id=\"2195\" class=\"elementor elementor-2195\">\n\t\t\t\t<div class=\"elementor-element elementor-element-1691156 e-flex e-con-boxed e-con e-parent\" data-id=\"1691156\" data-element_type=\"container\" data-e-type=\"container\">\n\t\t\t\t\t<div class=\"e-con-inner\">\n\t\t\t\t<div class=\"elementor-element elementor-element-3c9ee05 elementor-widget elementor-widget-heading\" data-id=\"3c9ee05\" data-element_type=\"widget\" data-e-type=\"widget\" data-widget_type=\"heading.default\">\n\t\t\t\t<div class=\"elementor-widget-container\">\n\t\t\t\t\t<h2 class=\"elementor-heading-title elementor-size-default\">Mentions l\u00e9gales : <\/h2>\t\t\t\t<\/div>\n\t\t\t\t<\/div>\n\t\t\t\t\t<\/div>\n\t\t\t\t<\/div>\n\t\t<div class=\"elementor-element elementor-element-c89020a e-flex e-con-boxed e-con e-parent\" data-id=\"c89020a\" data-element_type=\"container\" data-e-type=\"container\">\n\t\t\t\t\t<div class=\"e-con-inner\">\n\t\t\t\t<div class=\"elementor-element elementor-element-f7c375b elementor-widget elementor-widget-text-editor\" data-id=\"f7c375b\" data-element_type=\"widget\" data-e-type=\"widget\" data-widget_type=\"text-editor.default\">\n\t\t\t\t<div class=\"elementor-widget-container\">\n\t\t\t\t\t\t\t\t\t<p>SAS PHOENIX78<\/p><p>Ce site est l\u2019enti\u00e8re propri\u00e9t\u00e9 de la SAS PHOENIX78.<br \/>Toute reproduction, m\u00eame partielle, de ce site est strictement interdite.<\/p><h2>Editeur<\/h2><p><a href=\"https:\/\/www.progedoc.fr\/\" target=\"_blank\" rel=\"noopener\">Soci\u00e9t\u00e9 PROGEDOC<br \/><\/a><a href=\"https:\/\/www.google.com\/maps\/search\/12+Av.+des+Pr%C3%A9s,+78180+Montigny-le-Bretonneux\" target=\"_blank\" rel=\"noopener\">12, Avenue des Pr\u00e9s<br \/>78180 Montigny-le-Bretonneux<br \/><\/a><a id=\"telephone-link\" href=\"tel:+33750743124\">T\u00e9l.: +33 (0)<span data-teams=\"true\">7 50 74 31 24<\/span><br \/><\/a>Responsable de la publication: Franck DECKER<\/p><p><strong>Informations Administratives:<\/strong><br \/>Soci\u00e9t\u00e9 par Actions Simplifi\u00e9es (SAS)<small><br \/>\u2013 Capital de 1.000,00 euros<br \/>\u2013 SIRET 97749967200011<br \/>\u2013 APE 7711A<br \/>\u2013 RCS Versailles B 977 499 672<br \/>\u2013 Num TVA Intracommunautaire FR72977499672<br \/><\/small><\/p><h2>H\u00e9bergement<\/h2><p>SCALEWAY SAS BP 438 75366 PARIS CEDEX 08 FRANCE<\/p><h2>Remerciements<\/h2><p>Images fournies par \u00a9Alpine.<\/p>\t\t\t\t\t\t\t\t<\/div>\n\t\t\t\t<\/div>\n\t\t\t\t\t<\/div>\n\t\t\t\t<\/div>\n\t\t\t\t<\/div>\n\t\t","protected":false},"excerpt":{"rendered":"<p>Mentions l\u00e9gales : SAS PHOENIX78 Ce site est l\u2019enti\u00e8re propri\u00e9t\u00e9 de la SAS PHOENIX78.Toute reproduction, m\u00eame partielle, de ce site [&hellip;]<\/p>\n","protected":false},"author":1,"featured_media":0,"parent":0,"menu_order":0,"comment_status":"closed","ping_status":"closed","template":"","meta":{"site-sidebar-layout":"no-sidebar","site-content-layout":"","ast-site-content-layout":"full-width-container","site-content-style":"default","site-sidebar-style":"default","ast-global-header-display":"","ast-banner-title-visibility":"","ast-main-header-display":"","ast-hfb-above-header-display":"","ast-hfb-below-header-display":"","ast-hfb-mobile-header-display":"","site-post-title":"disabled","ast-breadcrumbs-content":"","ast-featured-img":"disabled","footer-sml-layout":"","theme-transparent-header-meta":"","adv-header-id-meta":"","stick-header-meta":"","header-above-stick-meta":"","header-main-stick-meta":"","header-below-stick-meta":"","astra-migrate-meta-layouts":"default","ast-page-background-enabled":"default","ast-page-background-meta":{"desktop":{"background-color":"var(--ast-global-color-4)","background-image":"","background-repeat":"repeat","background-position":"center center","background-size":"auto","background-attachment":"scroll","background-type":"","background-media":"","overlay-type":"","overlay-color":"","overlay-opacity":"","overlay-gradient":""},"tablet":{"background-color":"","background-image":"","background-repeat":"repeat","background-position":"center center","background-size":"auto","background-attachment":"scroll","background-type":"","background-media":"","overlay-type":"","overlay-color":"","overlay-opacity":"","overlay-gradient":""},"mobile":{"background-color":"","background-image":"","background-repeat":"repeat","background-position":"center center","background-size":"auto","background-attachment":"scroll","background-type":"","background-media":"","overlay-type":"","overlay-color":"","overlay-opacity":"","overlay-gradient":""}},"ast-content-background-meta":{"desktop":{"background-color":"var(--ast-global-color-5)","background-image":"","background-repeat":"repeat","background-position":"center center","background-size":"auto","background-attachment":"scroll","background-type":"","background-media":"","overlay-type":"","overlay-color":"","overlay-opacity":"","overlay-gradient":""},"tablet":{"background-color":"var(--ast-global-color-5)","background-image":"","background-repeat":"repeat","background-position":"center center","background-size":"auto","background-attachment":"scroll","background-type":"","background-media":"","overlay-type":"","overlay-color":"","overlay-opacity":"","overlay-gradient":""},"mobile":{"background-color":"var(--ast-global-color-5)","background-image":"","background-repeat":"repeat","background-position":"center center","background-size":"auto","background-attachment":"scroll","background-type":"","background-media":"","overlay-type":"","overlay-color":"","overlay-opacity":"","overlay-gradient":""}},"footnotes":""},"class_list":["post-2195","page","type-page","status-publish","hentry"],"yoast_head":"<!-- This site is optimized with the Yoast SEO plugin v24.2 - https:\/\/yoast.com\/wordpress\/plugins\/seo\/ -->\n<title>Mentions l\u00e9gales - A110.CLUB<\/title>\n<meta name=\"robots\" content=\"index, follow, max-snippet:-1, max-image-preview:large, max-video-preview:-1\" \/>\n<link rel=\"canonical\" href=\"https:\/\/a110.club\/index.php\/mentions-legales\/\" \/>\n<meta property=\"og:locale\" content=\"fr_FR\" \/>\n<meta property=\"og:type\" content=\"article\" \/>\n<meta property=\"og:title\" content=\"Mentions l\u00e9gales - A110.CLUB\" \/>\n<meta property=\"og:description\" content=\"Mentions l\u00e9gales : SAS PHOENIX78 Ce site est l\u2019enti\u00e8re propri\u00e9t\u00e9 de la SAS PHOENIX78.Toute reproduction, m\u00eame partielle, de ce site [&hellip;]\" \/>\n<meta property=\"og:url\" content=\"https:\/\/a110.club\/index.php\/mentions-legales\/\" \/>\n<meta property=\"og:site_name\" content=\"A110.CLUB\" \/>\n<meta property=\"article:publisher\" content=\"https:\/\/www.facebook.com\/profile.php?id=61556014750143\" \/>\n<meta property=\"article:modified_time\" content=\"2026-01-19T14:50:23+00:00\" \/>\n<meta name=\"twitter:card\" content=\"summary_large_image\" \/>\n<meta name=\"twitter:label1\" content=\"Dur\u00e9e de lecture estim\u00e9e\" \/>\n\t<meta name=\"twitter:data1\" content=\"1 minute\" \/>\n<script type=\"application\/ld+json\" class=\"yoast-schema-graph\">{\"@context\":\"https:\/\/schema.org\",\"@graph\":[{\"@type\":\"WebPage\",\"@id\":\"https:\/\/a110.club\/index.php\/mentions-legales\/\",\"url\":\"https:\/\/a110.club\/index.php\/mentions-legales\/\",\"name\":\"Mentions l\u00e9gales - A110.CLUB\",\"isPartOf\":{\"@id\":\"https:\/\/a110.club\/#website\"},\"datePublished\":\"2024-06-10T19:42:47+00:00\",\"dateModified\":\"2026-01-19T14:50:23+00:00\",\"breadcrumb\":{\"@id\":\"https:\/\/a110.club\/index.php\/mentions-legales\/#breadcrumb\"},\"inLanguage\":\"fr-FR\",\"potentialAction\":[{\"@type\":\"ReadAction\",\"target\":[\"https:\/\/a110.club\/index.php\/mentions-legales\/\"]}]},{\"@type\":\"BreadcrumbList\",\"@id\":\"https:\/\/a110.club\/index.php\/mentions-legales\/#breadcrumb\",\"itemListElement\":[{\"@type\":\"ListItem\",\"position\":1,\"name\":\"Accueil\",\"item\":\"https:\/\/a110.club\/\"},{\"@type\":\"ListItem\",\"position\":2,\"name\":\"Mentions l\u00e9gales\"}]},{\"@type\":\"WebSite\",\"@id\":\"https:\/\/a110.club\/#website\",\"url\":\"https:\/\/a110.club\/\",\"name\":\"A110.CLUB\",\"description\":\"\",\"publisher\":{\"@id\":\"https:\/\/a110.club\/#organization\"},\"potentialAction\":[{\"@type\":\"SearchAction\",\"target\":{\"@type\":\"EntryPoint\",\"urlTemplate\":\"https:\/\/a110.club\/?s={search_term_string}\"},\"query-input\":{\"@type\":\"PropertyValueSpecification\",\"valueRequired\":true,\"valueName\":\"search_term_string\"}}],\"inLanguage\":\"fr-FR\"},{\"@type\":\"Organization\",\"@id\":\"https:\/\/a110.club\/#organization\",\"name\":\"A110.CLUB\",\"url\":\"https:\/\/a110.club\/\",\"logo\":{\"@type\":\"ImageObject\",\"inLanguage\":\"fr-FR\",\"@id\":\"https:\/\/a110.club\/#\/schema\/logo\/image\/\",\"url\":\"https:\/\/a110.club\/wp-content\/uploads\/2024\/06\/logoPhoenix78-scaled.png\",\"contentUrl\":\"https:\/\/a110.club\/wp-content\/uploads\/2024\/06\/logoPhoenix78-scaled.png\",\"width\":1810,\"height\":2560,\"caption\":\"A110.CLUB\"},\"image\":{\"@id\":\"https:\/\/a110.club\/#\/schema\/logo\/image\/\"},\"sameAs\":[\"https:\/\/www.facebook.com\/profile.php?id=61556014750143\",\"https:\/\/www.instagram.com\/a110.club\/\"]}]}<\/script>\n<!-- \/ Yoast SEO plugin. -->","yoast_head_json":{"title":"Mentions l\u00e9gales - A110.CLUB","robots":{"index":"index","follow":"follow","max-snippet":"max-snippet:-1","max-image-preview":"max-image-preview:large","max-video-preview":"max-video-preview:-1"},"canonical":"https:\/\/a110.club\/index.php\/mentions-legales\/","og_locale":"fr_FR","og_type":"article","og_title":"Mentions l\u00e9gales - A110.CLUB","og_description":"Mentions l\u00e9gales : SAS PHOENIX78 Ce site est l\u2019enti\u00e8re propri\u00e9t\u00e9 de la SAS PHOENIX78.Toute reproduction, m\u00eame partielle, de ce site [&hellip;]","og_url":"https:\/\/a110.club\/index.php\/mentions-legales\/","og_site_name":"A110.CLUB","article_publisher":"https:\/\/www.facebook.com\/profile.php?id=61556014750143","article_modified_time":"2026-01-19T14:50:23+00:00","twitter_card":"summary_large_image","twitter_misc":{"Dur\u00e9e de lecture estim\u00e9e":"1 minute"},"schema":{"@context":"https:\/\/schema.org","@graph":[{"@type":"WebPage","@id":"https:\/\/a110.club\/index.php\/mentions-legales\/","url":"https:\/\/a110.club\/index.php\/mentions-legales\/","name":"Mentions l\u00e9gales - A110.CLUB","isPartOf":{"@id":"https:\/\/a110.club\/#website"},"datePublished":"2024-06-10T19:42:47+00:00","dateModified":"2026-01-19T14:50:23+00:00","breadcrumb":{"@id":"https:\/\/a110.club\/index.php\/mentions-legales\/#breadcrumb"},"inLanguage":"fr-FR","potentialAction":[{"@type":"ReadAction","target":["https:\/\/a110.club\/index.php\/mentions-legales\/"]}]},{"@type":"BreadcrumbList","@id":"https:\/\/a110.club\/index.php\/mentions-legales\/#breadcrumb","itemListElement":[{"@type":"ListItem","position":1,"name":"Accueil","item":"https:\/\/a110.club\/"},{"@type":"ListItem","position":2,"name":"Mentions l\u00e9gales"}]},{"@type":"WebSite","@id":"https:\/\/a110.club\/#website","url":"https:\/\/a110.club\/","name":"A110.CLUB","description":"","publisher":{"@id":"https:\/\/a110.club\/#organization"},"potentialAction":[{"@type":"SearchAction","target":{"@type":"EntryPoint","urlTemplate":"https:\/\/a110.club\/?s={search_term_string}"},"query-input":{"@type":"PropertyValueSpecification","valueRequired":true,"valueName":"search_term_string"}}],"inLanguage":"fr-FR"},{"@type":"Organization","@id":"https:\/\/a110.club\/#organization","name":"A110.CLUB","url":"https:\/\/a110.club\/","logo":{"@type":"ImageObject","inLanguage":"fr-FR","@id":"https:\/\/a110.club\/#\/schema\/logo\/image\/","url":"https:\/\/a110.club\/wp-content\/uploads\/2024\/06\/logoPhoenix78-scaled.png","contentUrl":"https:\/\/a110.club\/wp-content\/uploads\/2024\/06\/logoPhoenix78-scaled.png","width":1810,"height":2560,"caption":"A110.CLUB"},"image":{"@id":"https:\/\/a110.club\/#\/schema\/logo\/image\/"},"sameAs":["https:\/\/www.facebook.com\/profile.php?id=61556014750143","https:\/\/www.instagram.com\/a110.club\/"]}]}},"_links":{"self":[{"href":"https:\/\/a110.club\/index.php\/wp-json\/wp\/v2\/pages\/2195","targetHints":{"allow":["GET"]}}],"collection":[{"href":"https:\/\/a110.club\/index.php\/wp-json\/wp\/v2\/pages"}],"about":[{"href":"https:\/\/a110.club\/index.php\/wp-json\/wp\/v2\/types\/page"}],"author":[{"embeddable":true,"href":"https:\/\/a110.club\/index.php\/wp-json\/wp\/v2\/users\/1"}],"replies":[{"embeddable":true,"href":"https:\/\/a110.club\/index.php\/wp-json\/wp\/v2\/comments?post=2195"}],"version-history":[{"count":12,"href":"https:\/\/a110.club\/index.php\/wp-json\/wp\/v2\/pages\/2195\/revisions"}],"predecessor-version":[{"id":4030,"href":"https:\/\/a110.club\/index.php\/wp-json\/wp\/v2\/pages\/2195\/revisions\/4030"}],"wp:attachment":[{"href":"https:\/\/a110.club\/index.php\/wp-json\/wp\/v2\/media?parent=2195"}],"curies":[{"name":"wp","href":"https:\/\/api.w.org\/{rel}","templated":true}]}}