{"id":3346,"date":"2024-07-01T08:47:07","date_gmt":"2024-07-01T08:47:07","guid":{"rendered":"https:\/\/demo.a110.club\/?page_id=3346"},"modified":"2026-01-19T14:48:49","modified_gmt":"2026-01-19T14:48:49","slug":"qui-sommes-nous","status":"publish","type":"page","link":"https:\/\/a110.club\/index.php\/qui-sommes-nous\/","title":{"rendered":"Qui sommes nous"},"content":{"rendered":"\t\t<div data-elementor-type=\"wp-page\" data-elementor-id=\"3346\" class=\"elementor elementor-3346\">\n\t\t\t\t<div class=\"elementor-element elementor-element-fb3f2d2 e-flex e-con-boxed e-con e-parent\" data-id=\"fb3f2d2\" data-element_type=\"container\" data-e-type=\"container\">\n\t\t\t\t\t<div class=\"e-con-inner\">\n\t\t\t\t<div class=\"elementor-element elementor-element-7940d7e elementor-widget elementor-widget-spacer\" data-id=\"7940d7e\" data-element_type=\"widget\" data-e-type=\"widget\" data-widget_type=\"spacer.default\">\n\t\t\t\t<div class=\"elementor-widget-container\">\n\t\t\t\t\t\t\t<div class=\"elementor-spacer\">\n\t\t\t<div class=\"elementor-spacer-inner\"><\/div>\n\t\t<\/div>\n\t\t\t\t\t\t<\/div>\n\t\t\t\t<\/div>\n\t\t\t\t\t<\/div>\n\t\t\t\t<\/div>\n\t\t<div class=\"elementor-element elementor-element-2e3ecb5 e-flex e-con-boxed e-con e-parent\" data-id=\"2e3ecb5\" data-element_type=\"container\" data-e-type=\"container\">\n\t\t\t\t\t<div class=\"e-con-inner\">\n\t\t\t\t<div class=\"elementor-element elementor-element-41cefce elementor-widget elementor-widget-text-editor\" data-id=\"41cefce\" data-element_type=\"widget\" data-e-type=\"widget\" data-widget_type=\"text-editor.default\">\n\t\t\t\t<div class=\"elementor-widget-container\">\n\t\t\t\t\t\t\t\t\t<h3>Qui sommes-nous ?<\/h3><h4>L&rsquo;esprit SAS PHOENIX78<\/h4><p>Partager et faire d\u00e9couvrir directement par le biais de la location aupr\u00e8s des curieux, amateurs et passionn\u00e9s avec un objectif : rendre accessible la conduite ou le pilotage d\u2019une Alpine.<\/p><p>Le prix d\u2019achat de ce v\u00e9hicule est un frein pour un grand nombre de personnes. C\u2019est pourquoi notre volont\u00e9 est de mettre \u00e0 disposition cette voiture pour une courte p\u00e9riode, et de s\u2019enthousiasmer du plaisir de sa conduite.<\/p><p>Pour le prix de quelques tours de circuit d\u2019une dur\u00e9e de 20 minutes, ne vaut-il pas mieux profiter d\u2019une voiture de L\u00e9gende toute une journ\u00e9e ? Le plaisir n\u2019en est que d\u00e9cupl\u00e9.<\/p><p>Que ce soit pour un anniversaire, un mariage, un s\u00e9jour en amoureux, ou profiter tout simplement de la conduite \u00e0 bord de ce bolide le temps d\u2019une journ\u00e9e, d\u2019un week-end ou un plus long s\u00e9jour, cette voiture marquera les esprits.<\/p><p>SAS PHOENIX78, Agence de Location de courtes dur\u00e9es uniquement de mod\u00e8les de la Marque ALPINE.<\/p><p><strong>Adresse :<\/strong> Rue Fran\u00e7ois Geoffre<br \/>78180 Montigny-le-Bretonneux<br \/><strong>Email :<\/strong> <a href=\"mailto:contact-web@a110.club\">contact-web@a110.club<\/a><br \/><strong>T\u00e9l\u00e9phone :<\/strong> +33 (0)<span data-teams=\"true\">7 50 74 31 24<\/span><\/p><hr \/><h3>\u00a0<\/h3><h3>Nos partenaires<\/h3><p><strong>Garage LNA Renault<\/strong><\/p><p>Le Garage Renault Sas LNA est install\u00e9 dans la municipalit\u00e9 de Montigny Le Bretonneux dans la r\u00e9gion Ile-de-France et est int\u00e9gr\u00e9 au r\u00e9seau de garages Renault du secteur de Yvelines. Ce centre auto vous ouvre leurs portes quand vous le d\u00e9sirez pour la remise en l&rsquo;\u00e9tat de votre auto. Garage partenaire puisqu&rsquo;il commercialise la gamme Alpine dont le g\u00e9rant, M. Mounir ZAIBAT, est un fervent admirateur et passionn\u00e9.<\/p><p><strong>Adresse :<\/strong> 43, Avenue Manet<br \/>78180 Montigny le Bretonneux<br \/><strong>Site web :<\/strong> [Lien vers le site web du partenaire]<\/p><hr \/><h3>\u00a0<\/h3><h3>Remerciements \u00e0 nos partenaires<\/h3><p>Ce message s&rsquo;adresse \u00e0 tous les partenaires de la SAS PHOENIX78.<\/p><p>Nous tenons \u00e0 exprimer notre sinc\u00e8re gratitude pour votre soutien inestimable depuis le d\u00e9but de la cr\u00e9ation de notre agence de location d&rsquo;Alpine. Votre aide globale a permis de concr\u00e9tiser notre vision et de lancer avec succ\u00e8s notre projet. Nous appr\u00e9cions votre engagement continu et la confiance que vous nous accordez. Ce partenariat constant a jou\u00e9 un r\u00f4le essentiel dans notre croissance.<\/p><p>Merci du fond du c\u0153ur pour votre contribution pr\u00e9cieuse \u00e0 notre r\u00e9ussite. L&rsquo;\u00e9quipe de la SAS PHOENIX78 vous est fid\u00e8lement reconnaissante.<\/p>\t\t\t\t\t\t\t\t<\/div>\n\t\t\t\t<\/div>\n\t\t\t\t\t<\/div>\n\t\t\t\t<\/div>\n\t\t\t\t<\/div>\n\t\t","protected":false},"excerpt":{"rendered":"<p>Qui sommes-nous ? L&rsquo;esprit SAS PHOENIX78 Partager et faire d\u00e9couvrir directement par le biais de la location aupr\u00e8s des curieux, [&hellip;]<\/p>\n","protected":false},"author":1,"featured_media":0,"parent":0,"menu_order":0,"comment_status":"closed","ping_status":"closed","template":"","meta":{"site-sidebar-layout":"no-sidebar","site-content-layout":"","ast-site-content-layout":"full-width-container","site-content-style":"default","site-sidebar-style":"default","ast-global-header-display":"","ast-banner-title-visibility":"","ast-main-header-display":"","ast-hfb-above-header-display":"","ast-hfb-below-header-display":"","ast-hfb-mobile-header-display":"","site-post-title":"disabled","ast-breadcrumbs-content":"","ast-featured-img":"disabled","footer-sml-layout":"","theme-transparent-header-meta":"","adv-header-id-meta":"","stick-header-meta":"","header-above-stick-meta":"","header-main-stick-meta":"","header-below-stick-meta":"","astra-migrate-meta-layouts":"default","ast-page-background-enabled":"default","ast-page-background-meta":{"desktop":{"background-color":"var(--ast-global-color-4)","background-image":"","background-repeat":"repeat","background-position":"center center","background-size":"auto","background-attachment":"scroll","background-type":"","background-media":"","overlay-type":"","overlay-color":"","overlay-opacity":"","overlay-gradient":""},"tablet":{"background-color":"","background-image":"","background-repeat":"repeat","background-position":"center center","background-size":"auto","background-attachment":"scroll","background-type":"","background-media":"","overlay-type":"","overlay-color":"","overlay-opacity":"","overlay-gradient":""},"mobile":{"background-color":"","background-image":"","background-repeat":"repeat","background-position":"center center","background-size":"auto","background-attachment":"scroll","background-type":"","background-media":"","overlay-type":"","overlay-color":"","overlay-opacity":"","overlay-gradient":""}},"ast-content-background-meta":{"desktop":{"background-color":"var(--ast-global-color-5)","background-image":"","background-repeat":"repeat","background-position":"center center","background-size":"auto","background-attachment":"scroll","background-type":"","background-media":"","overlay-type":"","overlay-color":"","overlay-opacity":"","overlay-gradient":""},"tablet":{"background-color":"var(--ast-global-color-5)","background-image":"","background-repeat":"repeat","background-position":"center center","background-size":"auto","background-attachment":"scroll","background-type":"","background-media":"","overlay-type":"","overlay-color":"","overlay-opacity":"","overlay-gradient":""},"mobile":{"background-color":"var(--ast-global-color-5)","background-image":"","background-repeat":"repeat","background-position":"center center","background-size":"auto","background-attachment":"scroll","background-type":"","background-media":"","overlay-type":"","overlay-color":"","overlay-opacity":"","overlay-gradient":""}},"footnotes":""},"class_list":["post-3346","page","type-page","status-publish","hentry"],"yoast_head":"<!-- This site is optimized with the Yoast SEO plugin v24.2 - https:\/\/yoast.com\/wordpress\/plugins\/seo\/ -->\n<title>Qui sommes nous - A110.CLUB<\/title>\n<meta name=\"robots\" content=\"index, follow, max-snippet:-1, max-image-preview:large, max-video-preview:-1\" \/>\n<link rel=\"canonical\" href=\"https:\/\/a110.club\/index.php\/qui-sommes-nous\/\" \/>\n<meta property=\"og:locale\" content=\"fr_FR\" \/>\n<meta property=\"og:type\" content=\"article\" \/>\n<meta property=\"og:title\" content=\"Qui sommes nous - A110.CLUB\" \/>\n<meta property=\"og:description\" content=\"Qui sommes-nous ? L&rsquo;esprit SAS PHOENIX78 Partager et faire d\u00e9couvrir directement par le biais de la location aupr\u00e8s des curieux, [&hellip;]\" \/>\n<meta property=\"og:url\" content=\"https:\/\/a110.club\/index.php\/qui-sommes-nous\/\" \/>\n<meta property=\"og:site_name\" content=\"A110.CLUB\" \/>\n<meta property=\"article:publisher\" content=\"https:\/\/www.facebook.com\/profile.php?id=61556014750143\" \/>\n<meta property=\"article:modified_time\" content=\"2026-01-19T14:48:49+00:00\" \/>\n<meta name=\"twitter:card\" content=\"summary_large_image\" \/>\n<meta name=\"twitter:label1\" content=\"Dur\u00e9e de lecture estim\u00e9e\" \/>\n\t<meta name=\"twitter:data1\" content=\"2 minutes\" \/>\n<script type=\"application\/ld+json\" class=\"yoast-schema-graph\">{\"@context\":\"https:\/\/schema.org\",\"@graph\":[{\"@type\":\"WebPage\",\"@id\":\"https:\/\/a110.club\/index.php\/qui-sommes-nous\/\",\"url\":\"https:\/\/a110.club\/index.php\/qui-sommes-nous\/\",\"name\":\"Qui sommes nous - A110.CLUB\",\"isPartOf\":{\"@id\":\"https:\/\/a110.club\/#website\"},\"datePublished\":\"2024-07-01T08:47:07+00:00\",\"dateModified\":\"2026-01-19T14:48:49+00:00\",\"breadcrumb\":{\"@id\":\"https:\/\/a110.club\/index.php\/qui-sommes-nous\/#breadcrumb\"},\"inLanguage\":\"fr-FR\",\"potentialAction\":[{\"@type\":\"ReadAction\",\"target\":[\"https:\/\/a110.club\/index.php\/qui-sommes-nous\/\"]}]},{\"@type\":\"BreadcrumbList\",\"@id\":\"https:\/\/a110.club\/index.php\/qui-sommes-nous\/#breadcrumb\",\"itemListElement\":[{\"@type\":\"ListItem\",\"position\":1,\"name\":\"Accueil\",\"item\":\"https:\/\/a110.club\/\"},{\"@type\":\"ListItem\",\"position\":2,\"name\":\"Qui sommes nous\"}]},{\"@type\":\"WebSite\",\"@id\":\"https:\/\/a110.club\/#website\",\"url\":\"https:\/\/a110.club\/\",\"name\":\"A110.CLUB\",\"description\":\"\",\"publisher\":{\"@id\":\"https:\/\/a110.club\/#organization\"},\"potentialAction\":[{\"@type\":\"SearchAction\",\"target\":{\"@type\":\"EntryPoint\",\"urlTemplate\":\"https:\/\/a110.club\/?s={search_term_string}\"},\"query-input\":{\"@type\":\"PropertyValueSpecification\",\"valueRequired\":true,\"valueName\":\"search_term_string\"}}],\"inLanguage\":\"fr-FR\"},{\"@type\":\"Organization\",\"@id\":\"https:\/\/a110.club\/#organization\",\"name\":\"A110.CLUB\",\"url\":\"https:\/\/a110.club\/\",\"logo\":{\"@type\":\"ImageObject\",\"inLanguage\":\"fr-FR\",\"@id\":\"https:\/\/a110.club\/#\/schema\/logo\/image\/\",\"url\":\"https:\/\/a110.club\/wp-content\/uploads\/2024\/06\/logoPhoenix78-scaled.png\",\"contentUrl\":\"https:\/\/a110.club\/wp-content\/uploads\/2024\/06\/logoPhoenix78-scaled.png\",\"width\":1810,\"height\":2560,\"caption\":\"A110.CLUB\"},\"image\":{\"@id\":\"https:\/\/a110.club\/#\/schema\/logo\/image\/\"},\"sameAs\":[\"https:\/\/www.facebook.com\/profile.php?id=61556014750143\",\"https:\/\/www.instagram.com\/a110.club\/\"]}]}<\/script>\n<!-- \/ Yoast SEO plugin. -->","yoast_head_json":{"title":"Qui sommes nous - A110.CLUB","robots":{"index":"index","follow":"follow","max-snippet":"max-snippet:-1","max-image-preview":"max-image-preview:large","max-video-preview":"max-video-preview:-1"},"canonical":"https:\/\/a110.club\/index.php\/qui-sommes-nous\/","og_locale":"fr_FR","og_type":"article","og_title":"Qui sommes nous - A110.CLUB","og_description":"Qui sommes-nous ? L&rsquo;esprit SAS PHOENIX78 Partager et faire d\u00e9couvrir directement par le biais de la location aupr\u00e8s des curieux, [&hellip;]","og_url":"https:\/\/a110.club\/index.php\/qui-sommes-nous\/","og_site_name":"A110.CLUB","article_publisher":"https:\/\/www.facebook.com\/profile.php?id=61556014750143","article_modified_time":"2026-01-19T14:48:49+00:00","twitter_card":"summary_large_image","twitter_misc":{"Dur\u00e9e de lecture estim\u00e9e":"2 minutes"},"schema":{"@context":"https:\/\/schema.org","@graph":[{"@type":"WebPage","@id":"https:\/\/a110.club\/index.php\/qui-sommes-nous\/","url":"https:\/\/a110.club\/index.php\/qui-sommes-nous\/","name":"Qui sommes nous - A110.CLUB","isPartOf":{"@id":"https:\/\/a110.club\/#website"},"datePublished":"2024-07-01T08:47:07+00:00","dateModified":"2026-01-19T14:48:49+00:00","breadcrumb":{"@id":"https:\/\/a110.club\/index.php\/qui-sommes-nous\/#breadcrumb"},"inLanguage":"fr-FR","potentialAction":[{"@type":"ReadAction","target":["https:\/\/a110.club\/index.php\/qui-sommes-nous\/"]}]},{"@type":"BreadcrumbList","@id":"https:\/\/a110.club\/index.php\/qui-sommes-nous\/#breadcrumb","itemListElement":[{"@type":"ListItem","position":1,"name":"Accueil","item":"https:\/\/a110.club\/"},{"@type":"ListItem","position":2,"name":"Qui sommes nous"}]},{"@type":"WebSite","@id":"https:\/\/a110.club\/#website","url":"https:\/\/a110.club\/","name":"A110.CLUB","description":"","publisher":{"@id":"https:\/\/a110.club\/#organization"},"potentialAction":[{"@type":"SearchAction","target":{"@type":"EntryPoint","urlTemplate":"https:\/\/a110.club\/?s={search_term_string}"},"query-input":{"@type":"PropertyValueSpecification","valueRequired":true,"valueName":"search_term_string"}}],"inLanguage":"fr-FR"},{"@type":"Organization","@id":"https:\/\/a110.club\/#organization","name":"A110.CLUB","url":"https:\/\/a110.club\/","logo":{"@type":"ImageObject","inLanguage":"fr-FR","@id":"https:\/\/a110.club\/#\/schema\/logo\/image\/","url":"https:\/\/a110.club\/wp-content\/uploads\/2024\/06\/logoPhoenix78-scaled.png","contentUrl":"https:\/\/a110.club\/wp-content\/uploads\/2024\/06\/logoPhoenix78-scaled.png","width":1810,"height":2560,"caption":"A110.CLUB"},"image":{"@id":"https:\/\/a110.club\/#\/schema\/logo\/image\/"},"sameAs":["https:\/\/www.facebook.com\/profile.php?id=61556014750143","https:\/\/www.instagram.com\/a110.club\/"]}]}},"_links":{"self":[{"href":"https:\/\/a110.club\/index.php\/wp-json\/wp\/v2\/pages\/3346","targetHints":{"allow":["GET"]}}],"collection":[{"href":"https:\/\/a110.club\/index.php\/wp-json\/wp\/v2\/pages"}],"about":[{"href":"https:\/\/a110.club\/index.php\/wp-json\/wp\/v2\/types\/page"}],"author":[{"embeddable":true,"href":"https:\/\/a110.club\/index.php\/wp-json\/wp\/v2\/users\/1"}],"replies":[{"embeddable":true,"href":"https:\/\/a110.club\/index.php\/wp-json\/wp\/v2\/comments?post=3346"}],"version-history":[{"count":11,"href":"https:\/\/a110.club\/index.php\/wp-json\/wp\/v2\/pages\/3346\/revisions"}],"predecessor-version":[{"id":4027,"href":"https:\/\/a110.club\/index.php\/wp-json\/wp\/v2\/pages\/3346\/revisions\/4027"}],"wp:attachment":[{"href":"https:\/\/a110.club\/index.php\/wp-json\/wp\/v2\/media?parent=3346"}],"curies":[{"name":"wp","href":"https:\/\/api.w.org\/{rel}","templated":true}]}}