{"id":3606,"date":"2024-11-26T13:16:28","date_gmt":"2024-11-26T13:16:28","guid":{"rendered":"https:\/\/a110.club\/?page_id=3606"},"modified":"2024-11-26T13:21:08","modified_gmt":"2024-11-26T13:21:08","slug":"faq","status":"publish","type":"page","link":"https:\/\/a110.club\/index.php\/faq\/","title":{"rendered":"FAQ"},"content":{"rendered":"\t\t<div data-elementor-type=\"wp-page\" data-elementor-id=\"3606\" class=\"elementor elementor-3606\">\n\t\t\t\t<div class=\"elementor-element elementor-element-bedb08f e-flex e-con-boxed e-con e-parent\" data-id=\"bedb08f\" data-element_type=\"container\" data-e-type=\"container\">\n\t\t\t\t\t<div class=\"e-con-inner\">\n\t\t\t\t<div class=\"elementor-element elementor-element-40d4a57 elementor-widget elementor-widget-html\" data-id=\"40d4a57\" data-element_type=\"widget\" data-e-type=\"widget\" data-widget_type=\"html.default\">\n\t\t\t\t<div class=\"elementor-widget-container\">\n\t\t\t\t\t<!DOCTYPE html>\r\n<html lang=\"fr\">\r\n<head>\r\n    <meta charset=\"UTF-8\">\r\n    <meta name=\"viewport\" content=\"width=device-width, initial-scale=1.0\">\r\n    <title>FAQ Alpine A110<\/title>\r\n    <link href=\"https:\/\/cdn.jsdelivr.net\/npm\/bootstrap@5.3.0\/dist\/css\/bootstrap.min.css\" rel=\"stylesheet\">\r\n    <script src=\"https:\/\/cdn.jsdelivr.net\/npm\/bootstrap@5.3.0\/dist\/js\/bootstrap.bundle.min.js\"><\/script>\r\n<\/head>\r\n<body>\r\n    <div class=\"container my-5\">\r\n        <h1 class=\"text-center mb-4\">FAQ<\/h1>\r\n        <div class=\"accordion\" id=\"faqAccordion\">\r\n            <!-- Question 1 -->\r\n            <div class=\"accordion-item\">\r\n                <h2 class=\"accordion-header\" id=\"heading1\">\r\n                    <button class=\"accordion-button\" type=\"button\" data-bs-toggle=\"collapse\" data-bs-target=\"#collapse1\" aria-expanded=\"true\" aria-controls=\"collapse1\">\r\n                        Quelles sont les conditions d'\u00e2ge pour louer une Alpine A110 ?\r\n                    <\/button>\r\n                <\/h2>\r\n                <div id=\"collapse1\" class=\"accordion-collapse collapse show\" aria-labelledby=\"heading1\" data-bs-parent=\"#faqAccordion\">\r\n                    <div class=\"accordion-body\">\r\n                        Vous devez \u00eatre ag\u00e9(e) de <b>27 ans<\/b> et \u00eatre titulaire d\u2019un permis de conduire valide depuis <b>au moins 9 ans.<\/b>\r\n                    <\/div>\r\n                <\/div>\r\n            <\/div>\r\n\r\n            <!-- Question 2 -->\r\n            <div class=\"accordion-item\">\r\n                <h2 class=\"accordion-header\" id=\"heading2\">\r\n                    <button class=\"accordion-button collapsed\" type=\"button\" data-bs-toggle=\"collapse\" data-bs-target=\"#collapse2\" aria-expanded=\"false\" aria-controls=\"collapse2\">\r\n                        Est-il n\u00e9cessaire de laisser une caution pour la location de l'Alpine A110 ?\r\n                    <\/button>\r\n                <\/h2>\r\n                <div id=\"collapse2\" class=\"accordion-collapse collapse\" aria-labelledby=\"heading2\" data-bs-parent=\"#faqAccordion\">\r\n                    <div class=\"accordion-body\">\r\n                        <b>Oui<\/b>, un d\u00e9p\u00f4t de garantie de <b>3.000 \u20ac<\/b> sera exig\u00e9 et sera restitu\u00e9 int\u00e9gralement \u00e0 la fin de la location, sous r\u00e9serve de l\u2019\u00e9tat du v\u00e9hicule apr\u00e8s inspection.\r\n                    <\/div>\r\n                <\/div>\r\n            <\/div>\r\n\r\n            <!-- Question 3 -->\r\n            <div class=\"accordion-item\">\r\n                <h2 class=\"accordion-header\" id=\"heading3\">\r\n                    <button class=\"accordion-button collapsed\" type=\"button\" data-bs-toggle=\"collapse\" data-bs-target=\"#collapse3\" aria-expanded=\"false\" aria-controls=\"collapse3\">\r\n                        Puis-je conduire l'Alpine A110 \u00e0 l'\u00e9tranger ?\r\n                    <\/button>\r\n                <\/h2>\r\n                <div id=\"collapse3\" class=\"accordion-collapse collapse\" aria-labelledby=\"heading3\" data-bs-parent=\"#faqAccordion\">\r\n                    <div class=\"accordion-body\">\r\n                        La circulation dans les pays \u00e9trangers n\u00e9cessite une <b>validation pr\u00e9alable<\/b> de l'Agence.\r\n                    <\/div>\r\n                <\/div>\r\n            <\/div>\r\n\r\n            <!-- Question 4 -->\r\n            <div class=\"accordion-item\">\r\n                <h2 class=\"accordion-header\" id=\"heading4\">\r\n                    <button class=\"accordion-button collapsed\" type=\"button\" data-bs-toggle=\"collapse\" data-bs-target=\"#collapse4\" aria-expanded=\"false\" aria-controls=\"collapse4\">\r\n                        Quels sont les documents n\u00e9cessaires pour louer une Alpine A110 ?\r\n                    <\/button>\r\n                <\/h2>\r\n                <div id=\"collapse4\" class=\"accordion-collapse collapse\" aria-labelledby=\"heading4\" data-bs-parent=\"#faqAccordion\">\r\n                    <div class=\"accordion-body\">\r\n                        <div class=\"accordion\" id=\"subAccordion\">\r\n                            <div class=\"accordion-item\">\r\n                                <h2 class=\"accordion-header\" id=\"subHeading1\">\r\n                                    <button class=\"accordion-button collapsed\" type=\"button\" data-bs-toggle=\"collapse\" data-bs-target=\"#subCollapse1\" aria-expanded=\"false\" aria-controls=\"subCollapse1\">\r\n                                        Particuliers\r\n                                    <\/button>\r\n                                <\/h2>\r\n                                <div id=\"subCollapse1\" class=\"accordion-collapse collapse\" aria-labelledby=\"subHeading1\" data-bs-parent=\"#subAccordion\">\r\n                                    <div class=\"accordion-body\">\r\n                                        <b>Permis de conduire<\/b> en cours de validit\u00e9, un <b>justificatif de domicile<\/b> de moins de trois mois (facture d'\u00e9nergie ou de t\u00e9l\u00e9com), une <b>pi\u00e8ce d'identit\u00e9<\/b>, un <b>moyen de paiement<\/b>, une <b>adresse<\/b> courriel valide et un <b>num\u00e9ro de t\u00e9l\u00e9phone<\/b> mobile.\r\n                                    <\/div>\r\n                                <\/div>\r\n                            <\/div>\r\n                            <div class=\"accordion-item\">\r\n                                <h2 class=\"accordion-header\" id=\"subHeading2\">\r\n                                    <button class=\"accordion-button collapsed\" type=\"button\" data-bs-toggle=\"collapse\" data-bs-target=\"#subCollapse2\" aria-expanded=\"false\" aria-controls=\"subCollapse2\">\r\n                                        Entreprises\r\n                                    <\/button>\r\n                                <\/h2>\r\n                                <div id=\"subCollapse2\" class=\"accordion-collapse collapse\" aria-labelledby=\"subHeading2\" data-bs-parent=\"#subAccordion\">\r\n                                    <div class=\"accordion-body\">\r\n                                        <b>Permis de conduire<\/b> en cours de validit\u00e9, un extrait <b>Kbis<\/b> de moins de trois mois, un <b>pouvoir du mandataire social<\/b> accompagn\u00e9 d'un bon de commande et de sa copie de <b>sa pi\u00e8ce d'identit\u00e9<\/b>, un <b>moyen de paiement<\/b>, une <b>adresse<\/b> courriel valide et un <b>num\u00e9ro de t\u00e9l\u00e9phone<\/b> mobile.\r\n                                    <\/div>\r\n                                <\/div>\r\n                            <\/div>\r\n                        <\/div>\r\n                    <\/div>\r\n                <\/div>\r\n            <\/div>\r\n\r\n            <!-- Question 5 -->\r\n            <div class=\"accordion-item\">\r\n                <h2 class=\"accordion-header\" id=\"heading5\">\r\n                    <button class=\"accordion-button collapsed\" type=\"button\" data-bs-toggle=\"collapse\" data-bs-target=\"#collapse5\" aria-expanded=\"false\" aria-controls=\"collapse5\">\r\n                        Puis-je utiliser la voiture sur circuit ?\r\n                    <\/button>\r\n                <\/h2>\r\n                <div id=\"collapse5\" class=\"accordion-collapse collapse\" aria-labelledby=\"heading5\" data-bs-parent=\"#faqAccordion\">\r\n                    <div class=\"accordion-body\">\r\n                        <b>Non<\/b>, la conduite sur circuit est interdite.\r\n                    <\/div>\r\n                <\/div>\r\n            <\/div>\r\n\r\n            <!-- Question 6 -->\r\n            <div class=\"accordion-item\">\r\n                <h2 class=\"accordion-header\" id=\"heading6\">\r\n                    <button class=\"accordion-button collapsed\" type=\"button\" data-bs-toggle=\"collapse\" data-bs-target=\"#collapse6\" aria-expanded=\"false\" aria-controls=\"collapse6\">\r\n                        Y a-t-il des frais pour les conducteurs suppl\u00e9mentaires ?\r\n                    <\/button>\r\n                <\/h2>\r\n                <div id=\"collapse6\" class=\"accordion-collapse collapse\" aria-labelledby=\"heading6\" data-bs-parent=\"#faqAccordion\">\r\n                    <div class=\"accordion-body\">\r\n                        <b>Non<\/b>, il suffit de fournir les documents et attestations comme pour le conducteur principal.\r\n                    <\/div>\r\n                <\/div>\r\n            <\/div>\r\n\r\n            <!-- Question 7 -->\r\n            <div class=\"accordion-item\">\r\n                <h2 class=\"accordion-header\" id=\"heading7\">\r\n                    <button class=\"accordion-button collapsed\" type=\"button\" data-bs-toggle=\"collapse\" data-bs-target=\"#collapse7\" aria-expanded=\"false\" aria-controls=\"collapse7\">\r\n                        Quel carburant mettre dans le v\u00e9hicule ?\r\n                    <\/button>\r\n                <\/h2>\r\n                <div id=\"collapse7\" class=\"accordion-collapse collapse\" aria-labelledby=\"heading7\" data-bs-parent=\"#faqAccordion\">\r\n                    <div class=\"accordion-body\">\r\n                        Essence <b>SP 98<\/b> uniquement, le v\u00e9hicule doit \u00eatre restitu\u00e9 avec le plein de carburant.\r\n                    <\/div>\r\n                <\/div>\r\n            <\/div>\r\n\r\n            <!-- Question 8 -->\r\n            <div class=\"accordion-item\">\r\n                <h2 class=\"accordion-header\" id=\"heading8\">\r\n                    <button class=\"accordion-button collapsed\" type=\"button\" data-bs-toggle=\"collapse\" data-bs-target=\"#collapse8\" aria-expanded=\"false\" aria-controls=\"collapse8\">\r\n                        Quels sont les moyens de paiements accept\u00e9s ?\r\n                    <\/button>\r\n                <\/h2>\r\n                <div id=\"collapse8\" class=\"accordion-collapse collapse\" aria-labelledby=\"heading8\" data-bs-parent=\"#faqAccordion\">\r\n                    <div class=\"accordion-body\">\r\n                        Nous acceptons <b>esp\u00e8ces<\/b>, <b>cartes de cr\u00e9dits (Visa, MasterCard...)<\/b>.\r\n                    <\/div>\r\n                <\/div>\r\n            <\/div>\r\n\r\n            <!-- Question 9 -->\r\n            <div class=\"accordion-item\">\r\n                <h2 class=\"accordion-header\" id=\"heading9\">\r\n                    <button class=\"accordion-button collapsed\" type=\"button\" data-bs-toggle=\"collapse\" data-bs-target=\"#collapse9\" aria-expanded=\"false\" aria-controls=\"collapse9\">\r\n                        Comment r\u00e9cup\u00e9rer le V\u00e9hicule ?\r\n                    <\/button>\r\n                <\/h2>\r\n                <div id=\"collapse9\" class=\"accordion-collapse collapse\" aria-labelledby=\"heading9\" data-bs-parent=\"#faqAccordion\">\r\n                    <div class=\"accordion-body\">\r\n                        Par les transports en commun <b>Gare de Saint-Quentin-En-Yvelines<\/b> ou si vous venez en voiture, possibilit\u00e9 de stationnement gratuit sur un <b>parking priv\u00e9<\/b>. Les horaires de d\u00e9but et de fin de location sont d\u00e9finis avec l'Agence <b>au moment de la r\u00e9servation.<\/b>\r\n                    <\/div>\r\n                <\/div>\r\n            <\/div>\r\n        <\/div>\r\n    <\/div>\r\n<\/body>\r\n<\/html>\r\n\t\t\t\t<\/div>\n\t\t\t\t<\/div>\n\t\t\t\t\t<\/div>\n\t\t\t\t<\/div>\n\t\t\t\t<\/div>\n\t\t","protected":false},"excerpt":{"rendered":"<p>FAQ Alpine A110 FAQ Quelles sont les conditions d&rsquo;\u00e2ge pour louer une Alpine A110 ? Vous devez \u00eatre ag\u00e9(e) de [&hellip;]<\/p>\n","protected":false},"author":1,"featured_media":0,"parent":0,"menu_order":0,"comment_status":"closed","ping_status":"closed","template":"","meta":{"site-sidebar-layout":"no-sidebar","site-content-layout":"","ast-site-content-layout":"full-width-container","site-content-style":"default","site-sidebar-style":"default","ast-global-header-display":"","ast-banner-title-visibility":"","ast-main-header-display":"","ast-hfb-above-header-display":"","ast-hfb-below-header-display":"","ast-hfb-mobile-header-display":"","site-post-title":"disabled","ast-breadcrumbs-content":"","ast-featured-img":"disabled","footer-sml-layout":"","theme-transparent-header-meta":"","adv-header-id-meta":"","stick-header-meta":"","header-above-stick-meta":"","header-main-stick-meta":"","header-below-stick-meta":"","astra-migrate-meta-layouts":"default","ast-page-background-enabled":"default","ast-page-background-meta":{"desktop":{"background-color":"var(--ast-global-color-4)","background-image":"","background-repeat":"repeat","background-position":"center center","background-size":"auto","background-attachment":"scroll","background-type":"","background-media":"","overlay-type":"","overlay-color":"","overlay-opacity":"","overlay-gradient":""},"tablet":{"background-color":"","background-image":"","background-repeat":"repeat","background-position":"center center","background-size":"auto","background-attachment":"scroll","background-type":"","background-media":"","overlay-type":"","overlay-color":"","overlay-opacity":"","overlay-gradient":""},"mobile":{"background-color":"","background-image":"","background-repeat":"repeat","background-position":"center center","background-size":"auto","background-attachment":"scroll","background-type":"","background-media":"","overlay-type":"","overlay-color":"","overlay-opacity":"","overlay-gradient":""}},"ast-content-background-meta":{"desktop":{"background-color":"var(--ast-global-color-5)","background-image":"","background-repeat":"repeat","background-position":"center center","background-size":"auto","background-attachment":"scroll","background-type":"","background-media":"","overlay-type":"","overlay-color":"","overlay-opacity":"","overlay-gradient":""},"tablet":{"background-color":"var(--ast-global-color-5)","background-image":"","background-repeat":"repeat","background-position":"center center","background-size":"auto","background-attachment":"scroll","background-type":"","background-media":"","overlay-type":"","overlay-color":"","overlay-opacity":"","overlay-gradient":""},"mobile":{"background-color":"var(--ast-global-color-5)","background-image":"","background-repeat":"repeat","background-position":"center center","background-size":"auto","background-attachment":"scroll","background-type":"","background-media":"","overlay-type":"","overlay-color":"","overlay-opacity":"","overlay-gradient":""}},"footnotes":""},"class_list":["post-3606","page","type-page","status-publish","hentry"],"yoast_head":"<!-- This site is optimized with the Yoast SEO plugin v24.2 - https:\/\/yoast.com\/wordpress\/plugins\/seo\/ -->\n<title>FAQ - A110.CLUB<\/title>\n<meta name=\"robots\" content=\"index, follow, max-snippet:-1, max-image-preview:large, max-video-preview:-1\" \/>\n<link rel=\"canonical\" href=\"https:\/\/a110.club\/index.php\/faq\/\" \/>\n<meta property=\"og:locale\" content=\"fr_FR\" \/>\n<meta property=\"og:type\" content=\"article\" \/>\n<meta property=\"og:title\" content=\"FAQ - A110.CLUB\" \/>\n<meta property=\"og:description\" content=\"FAQ Alpine A110 FAQ Quelles sont les conditions d&rsquo;\u00e2ge pour louer une Alpine A110 ? Vous devez \u00eatre ag\u00e9(e) de [&hellip;]\" \/>\n<meta property=\"og:url\" content=\"https:\/\/a110.club\/index.php\/faq\/\" \/>\n<meta property=\"og:site_name\" content=\"A110.CLUB\" \/>\n<meta property=\"article:publisher\" content=\"https:\/\/www.facebook.com\/profile.php?id=61556014750143\" \/>\n<meta property=\"article:modified_time\" content=\"2024-11-26T13:21:08+00:00\" \/>\n<meta name=\"twitter:card\" content=\"summary_large_image\" \/>\n<meta name=\"twitter:label1\" content=\"Dur\u00e9e de lecture estim\u00e9e\" \/>\n\t<meta name=\"twitter:data1\" content=\"2 minutes\" \/>\n<script type=\"application\/ld+json\" class=\"yoast-schema-graph\">{\"@context\":\"https:\/\/schema.org\",\"@graph\":[{\"@type\":\"WebPage\",\"@id\":\"https:\/\/a110.club\/index.php\/faq\/\",\"url\":\"https:\/\/a110.club\/index.php\/faq\/\",\"name\":\"FAQ - A110.CLUB\",\"isPartOf\":{\"@id\":\"https:\/\/a110.club\/#website\"},\"datePublished\":\"2024-11-26T13:16:28+00:00\",\"dateModified\":\"2024-11-26T13:21:08+00:00\",\"breadcrumb\":{\"@id\":\"https:\/\/a110.club\/index.php\/faq\/#breadcrumb\"},\"inLanguage\":\"fr-FR\",\"potentialAction\":[{\"@type\":\"ReadAction\",\"target\":[\"https:\/\/a110.club\/index.php\/faq\/\"]}]},{\"@type\":\"BreadcrumbList\",\"@id\":\"https:\/\/a110.club\/index.php\/faq\/#breadcrumb\",\"itemListElement\":[{\"@type\":\"ListItem\",\"position\":1,\"name\":\"Accueil\",\"item\":\"https:\/\/a110.club\/\"},{\"@type\":\"ListItem\",\"position\":2,\"name\":\"FAQ\"}]},{\"@type\":\"WebSite\",\"@id\":\"https:\/\/a110.club\/#website\",\"url\":\"https:\/\/a110.club\/\",\"name\":\"A110.CLUB\",\"description\":\"\",\"publisher\":{\"@id\":\"https:\/\/a110.club\/#organization\"},\"potentialAction\":[{\"@type\":\"SearchAction\",\"target\":{\"@type\":\"EntryPoint\",\"urlTemplate\":\"https:\/\/a110.club\/?s={search_term_string}\"},\"query-input\":{\"@type\":\"PropertyValueSpecification\",\"valueRequired\":true,\"valueName\":\"search_term_string\"}}],\"inLanguage\":\"fr-FR\"},{\"@type\":\"Organization\",\"@id\":\"https:\/\/a110.club\/#organization\",\"name\":\"A110.CLUB\",\"url\":\"https:\/\/a110.club\/\",\"logo\":{\"@type\":\"ImageObject\",\"inLanguage\":\"fr-FR\",\"@id\":\"https:\/\/a110.club\/#\/schema\/logo\/image\/\",\"url\":\"https:\/\/a110.club\/wp-content\/uploads\/2024\/06\/logoPhoenix78-scaled.png\",\"contentUrl\":\"https:\/\/a110.club\/wp-content\/uploads\/2024\/06\/logoPhoenix78-scaled.png\",\"width\":1810,\"height\":2560,\"caption\":\"A110.CLUB\"},\"image\":{\"@id\":\"https:\/\/a110.club\/#\/schema\/logo\/image\/\"},\"sameAs\":[\"https:\/\/www.facebook.com\/profile.php?id=61556014750143\",\"https:\/\/www.instagram.com\/a110.club\/\"]}]}<\/script>\n<!-- \/ Yoast SEO plugin. -->","yoast_head_json":{"title":"FAQ - A110.CLUB","robots":{"index":"index","follow":"follow","max-snippet":"max-snippet:-1","max-image-preview":"max-image-preview:large","max-video-preview":"max-video-preview:-1"},"canonical":"https:\/\/a110.club\/index.php\/faq\/","og_locale":"fr_FR","og_type":"article","og_title":"FAQ - A110.CLUB","og_description":"FAQ Alpine A110 FAQ Quelles sont les conditions d&rsquo;\u00e2ge pour louer une Alpine A110 ? Vous devez \u00eatre ag\u00e9(e) de [&hellip;]","og_url":"https:\/\/a110.club\/index.php\/faq\/","og_site_name":"A110.CLUB","article_publisher":"https:\/\/www.facebook.com\/profile.php?id=61556014750143","article_modified_time":"2024-11-26T13:21:08+00:00","twitter_card":"summary_large_image","twitter_misc":{"Dur\u00e9e de lecture estim\u00e9e":"2 minutes"},"schema":{"@context":"https:\/\/schema.org","@graph":[{"@type":"WebPage","@id":"https:\/\/a110.club\/index.php\/faq\/","url":"https:\/\/a110.club\/index.php\/faq\/","name":"FAQ - A110.CLUB","isPartOf":{"@id":"https:\/\/a110.club\/#website"},"datePublished":"2024-11-26T13:16:28+00:00","dateModified":"2024-11-26T13:21:08+00:00","breadcrumb":{"@id":"https:\/\/a110.club\/index.php\/faq\/#breadcrumb"},"inLanguage":"fr-FR","potentialAction":[{"@type":"ReadAction","target":["https:\/\/a110.club\/index.php\/faq\/"]}]},{"@type":"BreadcrumbList","@id":"https:\/\/a110.club\/index.php\/faq\/#breadcrumb","itemListElement":[{"@type":"ListItem","position":1,"name":"Accueil","item":"https:\/\/a110.club\/"},{"@type":"ListItem","position":2,"name":"FAQ"}]},{"@type":"WebSite","@id":"https:\/\/a110.club\/#website","url":"https:\/\/a110.club\/","name":"A110.CLUB","description":"","publisher":{"@id":"https:\/\/a110.club\/#organization"},"potentialAction":[{"@type":"SearchAction","target":{"@type":"EntryPoint","urlTemplate":"https:\/\/a110.club\/?s={search_term_string}"},"query-input":{"@type":"PropertyValueSpecification","valueRequired":true,"valueName":"search_term_string"}}],"inLanguage":"fr-FR"},{"@type":"Organization","@id":"https:\/\/a110.club\/#organization","name":"A110.CLUB","url":"https:\/\/a110.club\/","logo":{"@type":"ImageObject","inLanguage":"fr-FR","@id":"https:\/\/a110.club\/#\/schema\/logo\/image\/","url":"https:\/\/a110.club\/wp-content\/uploads\/2024\/06\/logoPhoenix78-scaled.png","contentUrl":"https:\/\/a110.club\/wp-content\/uploads\/2024\/06\/logoPhoenix78-scaled.png","width":1810,"height":2560,"caption":"A110.CLUB"},"image":{"@id":"https:\/\/a110.club\/#\/schema\/logo\/image\/"},"sameAs":["https:\/\/www.facebook.com\/profile.php?id=61556014750143","https:\/\/www.instagram.com\/a110.club\/"]}]}},"_links":{"self":[{"href":"https:\/\/a110.club\/index.php\/wp-json\/wp\/v2\/pages\/3606","targetHints":{"allow":["GET"]}}],"collection":[{"href":"https:\/\/a110.club\/index.php\/wp-json\/wp\/v2\/pages"}],"about":[{"href":"https:\/\/a110.club\/index.php\/wp-json\/wp\/v2\/types\/page"}],"author":[{"embeddable":true,"href":"https:\/\/a110.club\/index.php\/wp-json\/wp\/v2\/users\/1"}],"replies":[{"embeddable":true,"href":"https:\/\/a110.club\/index.php\/wp-json\/wp\/v2\/comments?post=3606"}],"version-history":[{"count":7,"href":"https:\/\/a110.club\/index.php\/wp-json\/wp\/v2\/pages\/3606\/revisions"}],"predecessor-version":[{"id":3614,"href":"https:\/\/a110.club\/index.php\/wp-json\/wp\/v2\/pages\/3606\/revisions\/3614"}],"wp:attachment":[{"href":"https:\/\/a110.club\/index.php\/wp-json\/wp\/v2\/media?parent=3606"}],"curies":[{"name":"wp","href":"https:\/\/api.w.org\/{rel}","templated":true}]}}