{"id":3996,"date":"2025-12-22T14:48:28","date_gmt":"2025-12-22T14:48:28","guid":{"rendered":"https:\/\/a110.club\/?page_id=3996"},"modified":"2025-12-22T15:09:08","modified_gmt":"2025-12-22T15:09:08","slug":"offre-speciale-2026","status":"publish","type":"page","link":"https:\/\/a110.club\/index.php\/offre-speciale-2026\/","title":{"rendered":"offre-speciale-2026"},"content":{"rendered":"\t\t<div data-elementor-type=\"wp-page\" data-elementor-id=\"3996\" class=\"elementor elementor-3996\">\n\t\t\t\t<div class=\"elementor-element elementor-element-4ffc861 e-flex e-con-boxed e-con e-parent\" data-id=\"4ffc861\" data-element_type=\"container\" data-e-type=\"container\">\n\t\t\t\t\t<div class=\"e-con-inner\">\n\t\t\t\t<div class=\"elementor-element elementor-element-7512e43 elementor-widget elementor-widget-text-editor\" data-id=\"7512e43\" data-element_type=\"widget\" data-e-type=\"widget\" data-widget_type=\"text-editor.default\">\n\t\t\t\t<div class=\"elementor-widget-container\">\n\t\t\t\t\t\t\t\t\t<!doctype html>\n<html lang=\"fr\">\n\n<head>\n    <meta charset=\"utf-8\" \/>\n    <meta name=\"viewport\" content=\"width=device-width,initial-scale=1\" \/>\n    <meta name=\"x-apple-disable-message-reformatting\" \/>\n    <meta name=\"format-detection\" content=\"telephone=no,address=no,email=no,date=no,url=no\" \/>\n    <title>PHOENIX78 &#8211; OFFRE 2026<\/title>\n\n    <style>\n        body {\n            margin: 0;\n            padding: 0;\n            background: #f6f7fb;\n            font-family: Arial, Helvetica, sans-serif;\n        }\n\n        img {\n            display: block;\n            border: 0;\n            width: 100%;\n            height: auto;\n        }\n\n        a {\n            text-decoration: none;\n        }\n\n        \/* Container global *\/\n        .wrapper {\n            width: 100%;\n            padding: 22px 12px;\n            display: flex;\n            justify-content: center;\n        }\n\n        .outer {\n            width: 100%;\n            max-width: 680px;\n            display: flex;\n            flex-direction: column;\n            gap: 16px;\n        }\n\n        \/* Card principale *\/\n        .email-card {\n            display: flex;\n            flex-direction: column;\n            align-items: center;\n            background: #ffffff;\n            border-radius: 14px;\n            overflow: hidden;\n            box-shadow:\n                inset 5px 0 0 #2372B3,\n                inset -5px 0 0 #D42E2E;\n        }\n\n        \/* Typo *\/\n        .h1 {\n            font-size: 24px;\n            line-height: 30px;\n            font-weight: 800;\n            color: #111827;\n        }\n\n        .h2 {\n            font-size: 18px;\n            line-height: 24px;\n            font-weight: 800;\n            color: #111827;\n        }\n\n        .p {\n            font-size: 15px;\n            line-height: 22px;\n            color: #374151;\n        }\n\n        .muted {\n            text-align: center;\n            color: #6b7280;\n        }\n\n        \/* Badge *\/\n        .badge {\n            display: block;\n            text-align: center;\n            font-size: 1.5rem;\n            font-weight: 800;\n            text-transform: uppercase;\n            padding: 8px 10px;\n            border-radius: 2rem;\n            background: #fff3f3;\n            color: #D42E2E;\n            border: 1px solid #D42E2E;\n        }\n\n        \/* Bouton *\/\n        .btn {\n            display: inline-block;\n            padding: 14px 18px;\n            border-radius: 12px;\n            font-size: 14px;\n            font-weight: 800;\n            background: #f5f9fc;\n            color: #0b3c5d;\n            border: 1px solid #0b3c5d;\n        }\n\n        \/* Blocs *\/\n        .block {\n            width: fit-content;\n            display: block;\n            padding: 18px;\n        }\n\n        .block-margin {\n            display: block;\n            padding: 0;\n            margin: 18px;\n        }\n\n        .block-tight {\n            padding-top: 0;\n        }\n\n        \/* Images flex *\/\n        .image-flex {\n            display: flex;\n            flex-direction: column;\n            gap: 12px;\n            background: #f3f4f6;\n            padding: 12px;\n            border-radius: 12px;\n        }\n\n        @media screen and (min-width: 640px) {\n            .image-flex {\n                flex-direction: row;\n                justify-content: center;\n            }\n\n            .image-flex img {\n                width: auto;\n                height: 5rem;\n            }\n\n            .h1 {\n                font-size: 30px;\n                line-height: 36px;\n            }\n\n            .p {\n                font-size: 16px;\n                line-height: 24px;\n            }\n        }\n\n        \/* Avis *\/\n        .avis-card-wrapper {\n            border-radius: 20px;\n            border: solid 2px #f6f7fb;\n            background: linear-gradient(to right, #1e90ff 0%, #ffffff 3%, #ffffff 97%, #e63946 100%);\n            padding: 3px;\n            margin-bottom: 16px;\n        }\n\n        .avis-card {\n            background: #f6f7fb;\n            border-radius: 18px;\n            padding: 16px;\n        }\n\n        .stars {\n            color: #f59e0b;\n            font-size: 14px;\n        }\n    <\/style>\n<\/head>\n\n<body>\n\n    <div class=\"wrapper\">\n        <div class=\"outer\">\n\n            <!-- Image header -->\n            <div class=\"email-card\">\n                <div class=\"block\" style=\"padding:0;\">\n                    <img decoding=\"async\" src=\"https:\/\/www.progedoc.fr\/Documents\/PHOENIX78\/A110_NEWYEAR.png\"\n                        alt=\"Offre sp\u00e9ciale Alpine A110 GT L\u00e9gende\">\n                    <!-- <img decoding=\"async\" src=\"https:\/\/www.progedoc.fr\/Documents\/PHOENIX78\/A110_NEWYEAR.png\"\n                        alt=\"Offre sp\u00e9ciale Alpine A110 GT L\u00e9gende\"> -->\n                <\/div>\n            <\/div>\n\n            <!-- Card principale -->\n            <div class=\"email-card\">\n\n                <!-- Banner -->\n                <div class=\"block\" style=\"padding:0;\">\n                    <img decoding=\"async\" src=\"https:\/\/www.progedoc.fr\/Documents\/PHOENIX78\/202510_A110-GT-LEGENDE-2021_FRANCKY.jpg\"\n                        alt=\"Banni\u00e8re offre\">\n                <\/div>\n\n                <!-- Texte -->\n                <div class=\"block\">\n                    <span class=\"badge\">\n                        Offre limit\u00e9e<br>\n                        <span style=\"font-size: 1.25rem;\">jusqu\u2019au <b>29 d\u00e9cembre 2025<\/b><\/span><br>\n                        <span style=\"font-size: 0.9rem;\">du 30\/12 &#8211; 16h00 au 02\/01 &#8211; 16h00 <\/span><br>\n                        <span style=\"font-size: 1rem;\">Prenez le volant au prix de 400\u20ac au lieu de <s>580\u20ac<\/s> TTC<\/span><br>\n\t\t\t<span style=\"font-size: 0.9rem;\">D\u00e9part des Yvelines.<\/span><br>\n                    <\/span>\n\n                    <div style=\"height:12px\"><\/div>\n\n                    <div class=\"h1\">\ud83c\udf81 Offrez (vous) une l\u00e9gende pour 2026<\/div>\n\n                    <div style=\"height:10px\"><\/div>\n\n                    <div class=\"p\">\n                        Et si cette ann\u00e9e, vous offriez des <b>sensations<\/b>, de la\n                        <b>libert\u00e9<\/b>, une voiture d\u2019<b>exception<\/b> ?\n                        Avec <b>PHOENIX78<\/b>, vivez la magie Alpine au volant\n                        d\u2019une <b>A110 GT L\u00e9gende<\/b>.\n                    <\/div>\n                <\/div>\n\n                <!-- CTA -->\n                <div class=\"block block-tight\">\n                    <a href=\"https:\/\/example.com\" class=\"btn\" id=\"mail1\">J&rsquo;en profite maintenant<\/a>\n                <\/div>\n\n                <!-- Images -->\n                <div class=\"block\">\n                    <div class=\"image-flex\">\n                        <img decoding=\"async\" src=\"https:\/\/www.progedoc.fr\/Documents\/PHOENIX78\/04%202.jpg\" alt=\"\">\n                        <img decoding=\"async\" src=\"https:\/\/www.progedoc.fr\/Documents\/PHOENIX78\/294%202.jpg\" alt=\"\">\n                        <img decoding=\"async\" src=\"https:\/\/www.progedoc.fr\/Documents\/PHOENIX78\/202510_A110-GT-LEGENDE-2021_FRANCKY.jpg\"\n                            alt=\"\">\n                    <\/div>\n                <\/div>\n\n                <!-- Avis -->\n                <div class=\"block\">\n                    <div class=\"h2\">Ils ont ador\u00e9 \u2705<\/div>\n\n                    <div class=\"avis-card-wrapper\">\n                        <div class=\"avis-card\">\n                            <b>S\u00e9bastien<\/b>\n                            <div class=\"stars\">\u2605\u2605\u2605\u2605\u2605<\/div>\n                            <div class=\"p\">\n                                \u201cUne magnifique exp\u00e9rience gr\u00e2ce \u00e0 un passionn\u00e9 Alpine A110.\n                                Un v\u00e9hicule exceptionnel en \u00e9dition limit\u00e9e, une prise en\n                                main et restitution sur mesure, tous les ingr\u00e9dients \u00e9taient\n                                r\u00e9unis pour conduire une Alpine dans les meilleures\n                                conditions possibles.\u201d\n                            <\/div>\n                        <\/div>\n                    <\/div>\n\n                    <div class=\"avis-card-wrapper\">\n                        <div class=\"avis-card\">\n                            <b>Alexandre<\/b>\n                            <div class=\"stars\">\u2605\u2605\u2605\u2605\u2605<\/div>\n                            <div class=\"p\">\n                                \u201cTr\u00e8s belle journ\u00e9e \u00e0 bord de cette voiture d&rsquo;exception, une\n                                s\u00e9rie limit\u00e9e avec un int\u00e9rieur magnifique et un bruit\n                                sublime. Sur la route elle ne laisse personne indiff\u00e9rent.\u201d\n                            <\/div>\n                        <\/div>\n                    <\/div>\n\n                    <div class=\"avis-card-wrapper\">\n                        <div class=\"avis-card\">\n                            <b>Agathe<\/b>\n                            <div class=\"stars\">\u2605\u2605\u2605\u2605\u2605<\/div>\n                            <div class=\"p\">\n                                \u201cNous avons lou\u00e9 une magnifique Alpine A110 pour la journ\u00e9e\n                                \u00e0 l\u2019occasion de l\u2019anniversaire de mon conjoint. La surprise\n                                \u00e9tait au rdv et nous avons pass\u00e9 une super journ\u00e9e \u00e0\n                                vadrouiller dans la vall\u00e9e de Chevreuse. La voiture est tr\u00e8s\n                                belle et agr\u00e9able \u00e0 conduire. \u00c0 refaire\u201d\n                            <\/div>\n                        <\/div>\n                    <\/div>\n                    <a href=\"https:\/\/share.google\/32mClSCecmvOotmD9\" target=\"_blank\">&#8211; Voir tous les avis &#8211;<\/a>\n                <\/div>\n\n                <!-- Service -->\n                <div class=\"block\">\n                    <div class=\"h2\">Ce que vous recevez \u2705<\/div>\n\n                    <ul style=\"border-radius:12px;\">\n                        <p style=\"margin-left: 2rem; padding: 0 !important;\">\u2705 Accueil\n                            personnalis\u00e9<\/p>\n                        <p style=\"margin-left: 2rem; padding: 0 !important;\">\u2705 Briefing\n                            simple et passionn\u00e9<\/p>\n                        <p style=\"margin-left: 2rem; padding: 0 !important;\">\u2705 V\u00e9hicule\n                            pr\u00e9par\u00e9, nettoy\u00e9, impeccable<\/p>\n                        <p style=\"margin-left: 2rem; padding: 0 !important;\">\u2705 Assurance\n                            incluse, aucun frais surprise<\/p>\n                    <\/ul>\n                <\/div>\n\n                <!-- Service -->\n                <div class=\"block\">\n                    <div class=\"h2\">Pr\u00eat \u00e0 r\u00e9server ?<\/div>\n\n                    <p>\n                        Ne laissez pas cette opportunit\u00e9 filer. R\u00e9servez votre exp\u00e9rience Alpine\n                        A110 GT L\u00e9gende maintenant pour 2026. Premier arriv\u00e9, premier servi \ud83d\ude09\n\n                    <\/p>\n                <\/div>\n\n                <!-- CTA -->\n                <div class=\"block block-tight\">\n                    <a href=\"https:\/\/example.com\" class=\"btn\" id=\"mail2\">J&rsquo;en profite maintenant<\/a>\n                <\/div>\n\n                <!-- Footer -->\n                <div class=\"block\">\n                    <div class=\"p muted\">\n                        \ud83d\udc99 Alpinement v\u00f4tre \ud83d\udc99<br>\n                        \ud83c\udfc1 Alpine, plus qu\u2019une voiture\u2026 Une passion.<br><br>\n                        \u00a9 PHOENIX78 \u2013 Tous droits r\u00e9serv\u00e9s\n                    <\/div>\n                <\/div>\n\n            <\/div>\n        <\/div>\n    <\/div>\n\n\n\n\n<\/body>\n<script>\n    const to = \"contact-web@a110.club\";\n    const subject = \"R\u00e9servation SPECIALE 2026\";\n    const body = `Bonjour,\nCet email est \u00e0 renseigner afin de valider votre r\u00e9servation.\nPremier arriv\u00e9, premier servi.\nMerci de compl\u00e9ter\nNom, Pr\u00e9nom :\nN\u00b0 Mobile :\n\nNous vous contacterons \u00e0 r\u00e9ception.\nAlpinement v\u00f4tre,\nEquipe PHOENIX78.`\n\n\n    const href = `mailto:${to}?subject=${encodeURIComponent(subject)}&body=${encodeURIComponent(body)}`;\n    document.getElementById(\"mail1\").setAttribute(\"href\", href);\n    document.getElementById(\"mail2\").setAttribute(\"href\", href);\n<\/script>\n\n<\/html>\t\t\t\t\t\t\t\t<\/div>\n\t\t\t\t<\/div>\n\t\t\t\t\t<\/div>\n\t\t\t\t<\/div>\n\t\t\t\t<\/div>\n\t\t","protected":false},"excerpt":{"rendered":"<p>PHOENIX78 &#8211; OFFRE 2026 Offre limit\u00e9e jusqu\u2019au 29 d\u00e9cembre 2025 du 30\/12 &#8211; 16h00 au 02\/01 &#8211; 16h00 Prenez le [&hellip;]<\/p>\n","protected":false},"author":1,"featured_media":0,"parent":0,"menu_order":0,"comment_status":"closed","ping_status":"closed","template":"elementor_canvas","meta":{"site-sidebar-layout":"no-sidebar","site-content-layout":"","ast-site-content-layout":"full-width-container","site-content-style":"default","site-sidebar-style":"default","ast-global-header-display":"","ast-banner-title-visibility":"","ast-main-header-display":"","ast-hfb-above-header-display":"","ast-hfb-below-header-display":"","ast-hfb-mobile-header-display":"","site-post-title":"disabled","ast-breadcrumbs-content":"","ast-featured-img":"disabled","footer-sml-layout":"","theme-transparent-header-meta":"","adv-header-id-meta":"","stick-header-meta":"","header-above-stick-meta":"","header-main-stick-meta":"","header-below-stick-meta":"","astra-migrate-meta-layouts":"default","ast-page-background-enabled":"default","ast-page-background-meta":{"desktop":{"background-color":"var(--ast-global-color-4)","background-image":"","background-repeat":"repeat","background-position":"center center","background-size":"auto","background-attachment":"scroll","background-type":"","background-media":"","overlay-type":"","overlay-color":"","overlay-opacity":"","overlay-gradient":""},"tablet":{"background-color":"","background-image":"","background-repeat":"repeat","background-position":"center center","background-size":"auto","background-attachment":"scroll","background-type":"","background-media":"","overlay-type":"","overlay-color":"","overlay-opacity":"","overlay-gradient":""},"mobile":{"background-color":"","background-image":"","background-repeat":"repeat","background-position":"center center","background-size":"auto","background-attachment":"scroll","background-type":"","background-media":"","overlay-type":"","overlay-color":"","overlay-opacity":"","overlay-gradient":""}},"ast-content-background-meta":{"desktop":{"background-color":"var(--ast-global-color-5)","background-image":"","background-repeat":"repeat","background-position":"center center","background-size":"auto","background-attachment":"scroll","background-type":"","background-media":"","overlay-type":"","overlay-color":"","overlay-opacity":"","overlay-gradient":""},"tablet":{"background-color":"var(--ast-global-color-5)","background-image":"","background-repeat":"repeat","background-position":"center center","background-size":"auto","background-attachment":"scroll","background-type":"","background-media":"","overlay-type":"","overlay-color":"","overlay-opacity":"","overlay-gradient":""},"mobile":{"background-color":"var(--ast-global-color-5)","background-image":"","background-repeat":"repeat","background-position":"center center","background-size":"auto","background-attachment":"scroll","background-type":"","background-media":"","overlay-type":"","overlay-color":"","overlay-opacity":"","overlay-gradient":""}},"footnotes":""},"class_list":["post-3996","page","type-page","status-publish","hentry"],"yoast_head":"<!-- This site is optimized with the Yoast SEO plugin v24.2 - https:\/\/yoast.com\/wordpress\/plugins\/seo\/ -->\n<title>offre-speciale-2026 - A110.CLUB<\/title>\n<meta name=\"robots\" content=\"index, follow, max-snippet:-1, max-image-preview:large, max-video-preview:-1\" \/>\n<link rel=\"canonical\" href=\"https:\/\/a110.club\/index.php\/offre-speciale-2026\/\" \/>\n<meta property=\"og:locale\" content=\"fr_FR\" \/>\n<meta property=\"og:type\" content=\"article\" \/>\n<meta property=\"og:title\" content=\"offre-speciale-2026 - A110.CLUB\" \/>\n<meta property=\"og:description\" content=\"PHOENIX78 &#8211; OFFRE 2026 Offre limit\u00e9e jusqu\u2019au 29 d\u00e9cembre 2025 du 30\/12 &#8211; 16h00 au 02\/01 &#8211; 16h00 Prenez le [&hellip;]\" \/>\n<meta property=\"og:url\" content=\"https:\/\/a110.club\/index.php\/offre-speciale-2026\/\" \/>\n<meta property=\"og:site_name\" content=\"A110.CLUB\" \/>\n<meta property=\"article:publisher\" content=\"https:\/\/www.facebook.com\/profile.php?id=61556014750143\" \/>\n<meta property=\"article:modified_time\" content=\"2025-12-22T15:09:08+00:00\" \/>\n<meta property=\"og:image\" content=\"https:\/\/www.progedoc.fr\/Documents\/PHOENIX78\/A110_NEWYEAR.png\" \/>\n<meta name=\"twitter:card\" content=\"summary_large_image\" \/>\n<meta name=\"twitter:label1\" content=\"Dur\u00e9e de lecture estim\u00e9e\" \/>\n\t<meta name=\"twitter:data1\" content=\"5 minutes\" \/>\n<script type=\"application\/ld+json\" class=\"yoast-schema-graph\">{\"@context\":\"https:\/\/schema.org\",\"@graph\":[{\"@type\":\"WebPage\",\"@id\":\"https:\/\/a110.club\/index.php\/offre-speciale-2026\/\",\"url\":\"https:\/\/a110.club\/index.php\/offre-speciale-2026\/\",\"name\":\"offre-speciale-2026 - A110.CLUB\",\"isPartOf\":{\"@id\":\"https:\/\/a110.club\/#website\"},\"primaryImageOfPage\":{\"@id\":\"https:\/\/a110.club\/index.php\/offre-speciale-2026\/#primaryimage\"},\"image\":{\"@id\":\"https:\/\/a110.club\/index.php\/offre-speciale-2026\/#primaryimage\"},\"thumbnailUrl\":\"https:\/\/www.progedoc.fr\/Documents\/PHOENIX78\/A110_NEWYEAR.png\",\"datePublished\":\"2025-12-22T14:48:28+00:00\",\"dateModified\":\"2025-12-22T15:09:08+00:00\",\"breadcrumb\":{\"@id\":\"https:\/\/a110.club\/index.php\/offre-speciale-2026\/#breadcrumb\"},\"inLanguage\":\"fr-FR\",\"potentialAction\":[{\"@type\":\"ReadAction\",\"target\":[\"https:\/\/a110.club\/index.php\/offre-speciale-2026\/\"]}]},{\"@type\":\"ImageObject\",\"inLanguage\":\"fr-FR\",\"@id\":\"https:\/\/a110.club\/index.php\/offre-speciale-2026\/#primaryimage\",\"url\":\"https:\/\/www.progedoc.fr\/Documents\/PHOENIX78\/A110_NEWYEAR.png\",\"contentUrl\":\"https:\/\/www.progedoc.fr\/Documents\/PHOENIX78\/A110_NEWYEAR.png\"},{\"@type\":\"BreadcrumbList\",\"@id\":\"https:\/\/a110.club\/index.php\/offre-speciale-2026\/#breadcrumb\",\"itemListElement\":[{\"@type\":\"ListItem\",\"position\":1,\"name\":\"Accueil\",\"item\":\"https:\/\/a110.club\/\"},{\"@type\":\"ListItem\",\"position\":2,\"name\":\"offre-speciale-2026\"}]},{\"@type\":\"WebSite\",\"@id\":\"https:\/\/a110.club\/#website\",\"url\":\"https:\/\/a110.club\/\",\"name\":\"A110.CLUB\",\"description\":\"\",\"publisher\":{\"@id\":\"https:\/\/a110.club\/#organization\"},\"potentialAction\":[{\"@type\":\"SearchAction\",\"target\":{\"@type\":\"EntryPoint\",\"urlTemplate\":\"https:\/\/a110.club\/?s={search_term_string}\"},\"query-input\":{\"@type\":\"PropertyValueSpecification\",\"valueRequired\":true,\"valueName\":\"search_term_string\"}}],\"inLanguage\":\"fr-FR\"},{\"@type\":\"Organization\",\"@id\":\"https:\/\/a110.club\/#organization\",\"name\":\"A110.CLUB\",\"url\":\"https:\/\/a110.club\/\",\"logo\":{\"@type\":\"ImageObject\",\"inLanguage\":\"fr-FR\",\"@id\":\"https:\/\/a110.club\/#\/schema\/logo\/image\/\",\"url\":\"https:\/\/a110.club\/wp-content\/uploads\/2024\/06\/logoPhoenix78-scaled.png\",\"contentUrl\":\"https:\/\/a110.club\/wp-content\/uploads\/2024\/06\/logoPhoenix78-scaled.png\",\"width\":1810,\"height\":2560,\"caption\":\"A110.CLUB\"},\"image\":{\"@id\":\"https:\/\/a110.club\/#\/schema\/logo\/image\/\"},\"sameAs\":[\"https:\/\/www.facebook.com\/profile.php?id=61556014750143\",\"https:\/\/www.instagram.com\/a110.club\/\"]}]}<\/script>\n<!-- \/ Yoast SEO plugin. -->","yoast_head_json":{"title":"offre-speciale-2026 - A110.CLUB","robots":{"index":"index","follow":"follow","max-snippet":"max-snippet:-1","max-image-preview":"max-image-preview:large","max-video-preview":"max-video-preview:-1"},"canonical":"https:\/\/a110.club\/index.php\/offre-speciale-2026\/","og_locale":"fr_FR","og_type":"article","og_title":"offre-speciale-2026 - A110.CLUB","og_description":"PHOENIX78 &#8211; OFFRE 2026 Offre limit\u00e9e jusqu\u2019au 29 d\u00e9cembre 2025 du 30\/12 &#8211; 16h00 au 02\/01 &#8211; 16h00 Prenez le [&hellip;]","og_url":"https:\/\/a110.club\/index.php\/offre-speciale-2026\/","og_site_name":"A110.CLUB","article_publisher":"https:\/\/www.facebook.com\/profile.php?id=61556014750143","article_modified_time":"2025-12-22T15:09:08+00:00","og_image":[{"url":"https:\/\/www.progedoc.fr\/Documents\/PHOENIX78\/A110_NEWYEAR.png","type":"","width":"","height":""}],"twitter_card":"summary_large_image","twitter_misc":{"Dur\u00e9e de lecture estim\u00e9e":"5 minutes"},"schema":{"@context":"https:\/\/schema.org","@graph":[{"@type":"WebPage","@id":"https:\/\/a110.club\/index.php\/offre-speciale-2026\/","url":"https:\/\/a110.club\/index.php\/offre-speciale-2026\/","name":"offre-speciale-2026 - A110.CLUB","isPartOf":{"@id":"https:\/\/a110.club\/#website"},"primaryImageOfPage":{"@id":"https:\/\/a110.club\/index.php\/offre-speciale-2026\/#primaryimage"},"image":{"@id":"https:\/\/a110.club\/index.php\/offre-speciale-2026\/#primaryimage"},"thumbnailUrl":"https:\/\/www.progedoc.fr\/Documents\/PHOENIX78\/A110_NEWYEAR.png","datePublished":"2025-12-22T14:48:28+00:00","dateModified":"2025-12-22T15:09:08+00:00","breadcrumb":{"@id":"https:\/\/a110.club\/index.php\/offre-speciale-2026\/#breadcrumb"},"inLanguage":"fr-FR","potentialAction":[{"@type":"ReadAction","target":["https:\/\/a110.club\/index.php\/offre-speciale-2026\/"]}]},{"@type":"ImageObject","inLanguage":"fr-FR","@id":"https:\/\/a110.club\/index.php\/offre-speciale-2026\/#primaryimage","url":"https:\/\/www.progedoc.fr\/Documents\/PHOENIX78\/A110_NEWYEAR.png","contentUrl":"https:\/\/www.progedoc.fr\/Documents\/PHOENIX78\/A110_NEWYEAR.png"},{"@type":"BreadcrumbList","@id":"https:\/\/a110.club\/index.php\/offre-speciale-2026\/#breadcrumb","itemListElement":[{"@type":"ListItem","position":1,"name":"Accueil","item":"https:\/\/a110.club\/"},{"@type":"ListItem","position":2,"name":"offre-speciale-2026"}]},{"@type":"WebSite","@id":"https:\/\/a110.club\/#website","url":"https:\/\/a110.club\/","name":"A110.CLUB","description":"","publisher":{"@id":"https:\/\/a110.club\/#organization"},"potentialAction":[{"@type":"SearchAction","target":{"@type":"EntryPoint","urlTemplate":"https:\/\/a110.club\/?s={search_term_string}"},"query-input":{"@type":"PropertyValueSpecification","valueRequired":true,"valueName":"search_term_string"}}],"inLanguage":"fr-FR"},{"@type":"Organization","@id":"https:\/\/a110.club\/#organization","name":"A110.CLUB","url":"https:\/\/a110.club\/","logo":{"@type":"ImageObject","inLanguage":"fr-FR","@id":"https:\/\/a110.club\/#\/schema\/logo\/image\/","url":"https:\/\/a110.club\/wp-content\/uploads\/2024\/06\/logoPhoenix78-scaled.png","contentUrl":"https:\/\/a110.club\/wp-content\/uploads\/2024\/06\/logoPhoenix78-scaled.png","width":1810,"height":2560,"caption":"A110.CLUB"},"image":{"@id":"https:\/\/a110.club\/#\/schema\/logo\/image\/"},"sameAs":["https:\/\/www.facebook.com\/profile.php?id=61556014750143","https:\/\/www.instagram.com\/a110.club\/"]}]}},"_links":{"self":[{"href":"https:\/\/a110.club\/index.php\/wp-json\/wp\/v2\/pages\/3996","targetHints":{"allow":["GET"]}}],"collection":[{"href":"https:\/\/a110.club\/index.php\/wp-json\/wp\/v2\/pages"}],"about":[{"href":"https:\/\/a110.club\/index.php\/wp-json\/wp\/v2\/types\/page"}],"author":[{"embeddable":true,"href":"https:\/\/a110.club\/index.php\/wp-json\/wp\/v2\/users\/1"}],"replies":[{"embeddable":true,"href":"https:\/\/a110.club\/index.php\/wp-json\/wp\/v2\/comments?post=3996"}],"version-history":[{"count":18,"href":"https:\/\/a110.club\/index.php\/wp-json\/wp\/v2\/pages\/3996\/revisions"}],"predecessor-version":[{"id":4018,"href":"https:\/\/a110.club\/index.php\/wp-json\/wp\/v2\/pages\/3996\/revisions\/4018"}],"wp:attachment":[{"href":"https:\/\/a110.club\/index.php\/wp-json\/wp\/v2\/media?parent=3996"}],"curies":[{"name":"wp","href":"https:\/\/api.w.org\/{rel}","templated":true}]}}